{"id":3,"date":"2024-09-06T13:55:50","date_gmt":"2024-09-06T11:55:50","guid":{"rendered":"http:\/\/distri2b.com\/?page_id=3"},"modified":"2026-03-04T15:28:30","modified_gmt":"2026-03-04T14:28:30","slug":"politique-de-confidentialite","status":"publish","type":"page","link":"https:\/\/distri2b.com\/es\/politique-de-confidentialite\/","title":{"rendered":"Politique de confidentialit\u00e9"},"content":{"rendered":"<section class=\"wpb-content-wrapper\"><p>[vc_row][vc_column][vc_column_text]En Distri2B, damos gran importancia a la protecci\u00f3n de sus datos personales. Esta pol\u00edtica de privacidad explica qu\u00e9 informaci\u00f3n recopilamos, c\u00f3mo la utilizamos y cu\u00e1les son sus opciones para gestionar sus datos.<\/p>\r\n\r\n\r\n\r\n<h2 class=\"wp-block-heading\">Responsable del tratamiento<\/h2>\r\n\r\n<p>El responsable del tratamiento de los datos personales recopilados en Distri2B.com es Distri2B SARL, con un capital de 12.000\u20ac, en adelante, \u00abla Empresa\u00bb. Distri2B, cuya sede social se encuentra en 68 Avenue de la Libert\u00e9 1930 Luxemburgo, est\u00e1 registrada en el Registro Mercantil y de Sociedades de Luxemburgo con el n\u00famero B235660.<\/p>\r\n\r\n\r\n\r\n<h2 class=\"wp-block-heading\">Acceso al sitio<\/h2>\r\n\r\n<p>El sitio web Distri2B.com es accesible en cualquier lugar, 24\/7, salvo en casos de fuerza mayor, interrupciones programadas o no, que puedan deberse a la necesidad de mantenimiento. En caso de modificaci\u00f3n, interrupci\u00f3n o suspensi\u00f3n del Sitio, la Empresa no podr\u00e1 ser considerada responsable.<\/p>\r\n\r\n\r\n\r\n<h2 class=\"wp-block-heading\">Datos recopilados<\/h2>\r\n\r\n<p>Recopilamos varios tipos de datos personales en el sitio web Distri2B.com para proporcionar nuestros servicios, incluidos, pero no limitados a:<\/p>\r\n\r\n<p><strong>Informaci\u00f3n de identificaci\u00f3n:<\/strong> nombre, apellidos, raz\u00f3n social, n\u00famero de IVA intracomunitario, direcci\u00f3n de correo electr\u00f3nico, n\u00famero de tel\u00e9fono.<\/p>\r\n\r\n<p><strong>Datos t\u00e9cnicos:<\/strong> direcci\u00f3n IP, tipo de navegador, duraci\u00f3n de la sesi\u00f3n, p\u00e1ginas visitadas.<\/p>\r\n\r\n\r\n\r\n<h2 class=\"wp-block-heading\">Uso de los datos<\/h2>\r\n\r\n<p>Los datos personales recopilados en nuestro sitio se utilizan para:<\/p>\r\n\r\n\r\n\r\n<ul class=\"wp-block-list\">\r\n<li style=\"list-style-type: none;\">\r\n<ul class=\"wp-block-list\">\r\n<li><strong>Gestionar sus pedidos y entregas;<\/strong><\/li>\r\n\r\n\r\n\r\n<li><strong>Responder a sus consultas comerciales;<\/strong><\/li>\r\n\r\n\r\n\r\n<li><strong>Mejorar su experiencia de usuario en nuestro sitio;<\/strong><\/li>\r\n\r\n\r\n\r\n<li><strong>Comunicar ofertas promocionales o informaci\u00f3n <\/strong>sobre nuestros productos y servicios, sujeto a su consentimiento.<\/li>\r\n<\/ul>\r\n<\/li>\r\n<\/ul>\r\n<p><\/p>\r\n\r\n\r\n\r\n<h2 class=\"wp-block-heading\">Compartir datos<\/h2>\r\n\r\n<p>No compartimos sus datos personales con terceros, salvo en los siguientes casos:<\/p>\r\n\r\n\r\n\r\n<ul class=\"wp-block-list\">\r\n<li style=\"list-style-type: none;\">\r\n<ul class=\"wp-block-list\">\r\n<li><strong>Proveedores de servicios:<\/strong> podemos compartir su informaci\u00f3n con proveedores de servicios (entrega, pago, marketing, etc.) para cumplir un contrato.<\/li>\r\n\r\n\r\n\r\n<li><strong>Obligaciones legales:<\/strong> podemos divulgar su informaci\u00f3n en respuesta a una obligaci\u00f3n legal o para proteger nuestros derechos.<\/li>\r\n<\/ul>\r\n<\/li>\r\n<\/ul>\r\n<p><\/p>\r\n\r\n\r\n\r\n<h2 class=\"wp-block-heading\">Propiedad intelectual<\/h2>\r\n\r\n<p>Todo el contenido del Sitio, incluidos, de manera no limitativa, los gr\u00e1ficos, im\u00e1genes, textos, videos, animaciones, sonidos, logotipos e iconos, as\u00ed como su disposici\u00f3n, son propiedad exclusiva de la Empresa, salvo las marcas, logotipos o contenidos pertenecientes a otras empresas asociadas o autores.<\/p>\r\n\r\n<p>Cualquier reproducci\u00f3n, distribuci\u00f3n, modificaci\u00f3n, adaptaci\u00f3n, retransmisi\u00f3n o publicaci\u00f3n, incluso parcial, de estos elementos est\u00e1 estrictamente prohibida sin el consentimiento expreso por escrito de la Empresa.<\/p>\r\n\r\n<p>Esta representaci\u00f3n o reproducci\u00f3n, por cualquier medio, constituye una infracci\u00f3n sancionada por las leyes de propiedad intelectual en Luxemburgo. El incumplimiento de esta prohibici\u00f3n constituye una infracci\u00f3n que puede comprometer la responsabilidad civil y penal del infractor.<\/p>\r\n\r\n\r\n\r\n<h2 class=\"wp-block-heading\">Actualizaci\u00f3n de la informaci\u00f3n en el sitio<\/h2>\r\n\r\n<p>La Empresa emplea todos los medios para asegurar una informaci\u00f3n fiable y actualizada en el Sitio. Sin embargo, pueden ocurrir errores u omisiones. Por lo tanto, el Usuario debe verificar la exactitud de la informaci\u00f3n con la Empresa y se\u00f1alar cualquier modificaci\u00f3n del Sitio que considere \u00fatil. La Empresa no es responsable del uso que se haga de esta informaci\u00f3n ni de cualquier da\u00f1o directo o indirecto que pueda derivarse.<\/p>\r\n\r\n<p>Si visita la p\u00e1gina de inicio de sesi\u00f3n, se crear\u00e1 una cookie temporal para determinar si su navegador acepta cookies. No contiene datos personales y se eliminar\u00e1 autom\u00e1ticamente al cerrar su navegador.<\/p>\r\n\r\n<p>Cuando inicie sesi\u00f3n, estableceremos varias cookies para guardar su informaci\u00f3n de inicio de sesi\u00f3n y sus preferencias de pantalla. La duraci\u00f3n de una cookie de inicio de sesi\u00f3n es de dos d\u00edas, mientras que la de una cookie de opci\u00f3n de pantalla es de un a\u00f1o. Si selecciona \u00abRecordarme\u00bb, su cookie de inicio de sesi\u00f3n se conservar\u00e1 durante dos semanas. Si cierra sesi\u00f3n en su cuenta, la cookie de inicio de sesi\u00f3n se eliminar\u00e1.<\/p>\r\n\r\n<p>Cuando modifique o publique una publicaci\u00f3n, se guardar\u00e1 una cookie adicional en su navegador. Esta cookie no contiene ning\u00fan dato personal; simplemente indica el ID de la publicaci\u00f3n que acaba de modificar. Expira despu\u00e9s de un d\u00eda.<\/p>\r\n\r\n\r\n\r\n<h2 class=\"wp-block-heading\">Seguridad de los datos<\/h2>\r\n\r\n<p>Implementamos medidas de seguridad t\u00e9cnicas y organizativas para proteger sus datos contra cualquier p\u00e9rdida, acceso no autorizado o divulgaci\u00f3n.<\/p>\r\n\r\n<p>Estos sitios web podr\u00edan recopilar datos sobre usted, utilizar cookies, incrustar herramientas de seguimiento de terceros y realizar un seguimiento de sus interacciones con el contenido incrustado si tiene una cuenta y ha iniciado sesi\u00f3n en su sitio web.<\/p>\r\n\r\n\r\n\r\n<h2 class=\"wp-block-heading\">Sus derechos<\/h2>\r\n\r\n<p>De acuerdo con la normativa aplicable, usted tiene los siguientes derechos en relaci\u00f3n con sus datos:<\/p>\r\n\r\n\r\n\r\n<ul class=\"wp-block-list\">\r\n<li style=\"list-style-type: none;\">\r\n<ul class=\"wp-block-list\">\r\n<li><strong>Derecho de acceso:<\/strong> puede solicitar una copia de los datos personales que tenemos sobre usted.<\/li>\r\n\r\n\r\n\r\n<li><strong>Derecho de rectificaci\u00f3n:<\/strong> puede solicitar la correcci\u00f3n de datos inexactos o incompletos.<\/li>\r\n\r\n\r\n\r\n<li><strong>Derecho de eliminaci\u00f3n:<\/strong> puede solicitar la eliminaci\u00f3n de sus datos bajo ciertas condiciones.<\/li>\r\n\r\n\r\n\r\n<li><strong>Derecho de oposici\u00f3n:<\/strong> puede oponerse al tratamiento de sus datos con fines de marketing directo.<\/li>\r\n<\/ul>\r\n<\/li>\r\n<\/ul>\r\n<p><\/p>\r\n\r\n<p>Para ejercer estos derechos, p\u00f3ngase en contacto con nosotros en <a>contact@distri2b.com<\/a>..<\/p>\r\n\r\n\r\n\r\n<h2 class=\"wp-block-heading\">Cookies<\/h2>\r\n\r\n<p>Para asegurar el buen funcionamiento del Sitio, se almacenan cookies en los dispositivos de los usuarios.<\/p>\r\n\r\n<p>Este almacenamiento permite al Usuario no tener que volver a introducir esta informaci\u00f3n en cada consulta del Sitio.<\/p>\r\n\r\n<p>El uso de cookies est\u00e1 regulado por el art\u00edculo 5.3 de la Directiva 2002\/58\/CE del Parlamento Europeo y del Consejo del 12 de julio de 2002, modificada por la Directiva 2009\/136\/CE.<\/p>\r\n\r\n<p>El uso de cookies est\u00e1 sujeto al consentimiento previo. Navegar por el Sitio implica la aceptaci\u00f3n total y sin reservas de las cookies por parte del Usuario. Algunas partes del Sitio pueden no ser funcionales sin la aceptaci\u00f3n de cookies.<\/p>\r\n\r\n<p>El Usuario puede oponerse al uso de estas cookies configurando su navegador.<\/p>\r\n\r\n\r\n\r\n<h2 class=\"wp-block-heading\">Modificaci\u00f3n de la Pol\u00edtica de Privacidad<\/h2>\r\n\r\n<p>Esta pol\u00edtica de privacidad puede actualizarse peri\u00f3dicamente para reflejar cambios en nuestras pr\u00e1cticas o modificaciones legales. Le recomendamos consultar regularmente esta p\u00e1gina para conocer la versi\u00f3n m\u00e1s reciente.<\/p>\r\n\r\n\r\n\r\n<h2 class=\"wp-block-heading\">Contacto<\/h2>\r\n\r\n<p>Si tiene alguna pregunta sobre nuestra pol\u00edtica de privacidad o sobre el tratamiento de sus datos personales, puede contactarnos en la siguiente direcci\u00f3n: <a>contact@distri2b.com<\/a>.<\/p>\r\n<p>[\/vc_column_text][\/vc_column][\/vc_row]<\/p><\/section>","protected":false},"excerpt":{"rendered":"<p>[vc_row][vc_column][vc_column_text]En Distri2B, damos gran importancia a la protecci\u00f3n de sus datos personales. Esta pol\u00edtica de privacidad explica qu\u00e9 informaci\u00f3n recopilamos, c\u00f3mo la utilizamos y cu\u00e1les son sus opciones para gestionar sus datos. Responsable del tratamiento El responsable del tratamiento de los datos personales recopilados en Distri2B.com es Distri2B SARL, con un capital de 12.000\u20ac, en [&hellip;]<\/p>\n","protected":false},"author":1,"featured_media":0,"parent":0,"menu_order":0,"comment_status":"closed","ping_status":"open","template":"","meta":{"footnotes":""},"class_list":["post-3","page","type-page","status-publish","hentry","no-thumb"],"_links":{"self":[{"href":"https:\/\/distri2b.com\/es\/wp-json\/wp\/v2\/pages\/3","targetHints":{"allow":["GET"]}}],"collection":[{"href":"https:\/\/distri2b.com\/es\/wp-json\/wp\/v2\/pages"}],"about":[{"href":"https:\/\/distri2b.com\/es\/wp-json\/wp\/v2\/types\/page"}],"author":[{"embeddable":true,"href":"https:\/\/distri2b.com\/es\/wp-json\/wp\/v2\/users\/1"}],"replies":[{"embeddable":true,"href":"https:\/\/distri2b.com\/es\/wp-json\/wp\/v2\/comments?post=3"}],"version-history":[{"count":17,"href":"https:\/\/distri2b.com\/es\/wp-json\/wp\/v2\/pages\/3\/revisions"}],"predecessor-version":[{"id":4390,"href":"https:\/\/distri2b.com\/es\/wp-json\/wp\/v2\/pages\/3\/revisions\/4390"}],"wp:attachment":[{"href":"https:\/\/distri2b.com\/es\/wp-json\/wp\/v2\/media?parent=3"}],"curies":[{"name":"wp","href":"https:\/\/api.w.org\/{rel}","templated":true}]}}