{"id":32,"date":"2017-10-31T07:44:25","date_gmt":"2017-10-31T07:44:25","guid":{"rendered":"http:\/\/demo2.drfuri.com\/manufactory\/?page_id=32"},"modified":"2026-03-03T15:43:08","modified_gmt":"2026-03-03T14:43:08","slug":"presentation-distri2b","status":"publish","type":"page","link":"https:\/\/distri2b.com\/es\/presentation-distri2b\/","title":{"rendered":"Sobre Nosotros"},"content":{"rendered":"<section class=\"wpb-content-wrapper\"><p>[vc_row][vc_column]<div class=\"mf-empty-space \" style=\"\"><div class=\"mf_empty_space_lg\"  style=\"height: 80px\"><\/div><div class=\"mf_empty_space_md\"  style=\"height: 50px\"><\/div><div class=\"mf_empty_space_xs\"  style=\"height: 50px\"><\/div><\/div>[\/vc_column][\/vc_row][vc_row][vc_column width=\u00bb1\/4\u2033]<div class=\"mf-section-title text-left dark large-size \"><h3 class=\"main-color\">Bienvenido a<\/h3><h2 >Distri2B<\/h2><\/div><div class=\"mf-empty-space \" style=\"\"><div class=\"mf_empty_space_lg\"  style=\"height: 85px\"><\/div><div class=\"mf_empty_space_md\"  style=\"height: 50px\"><\/div><div class=\"mf_empty_space_xs\"  style=\"height: 50px\"><\/div><\/div>[\/vc_column][vc_column width=\u00bb3\/4\u2033][vc_column_text]Distri2B es una <strong>empresa de distribuci\u00f3n multimarcas<\/strong> para el mercado de repuestos de autom\u00f3viles.<\/p>\n<p>Presente en Francia e Espa\u00f1a e Italia, la empresa interviene en el <strong>mercado B2B<\/strong> de la distribuci\u00f3n de <strong>neum\u00e1ticos, repuestos, lubricantes y equipamiento<\/strong> a los profesionales del mantenimiento y la reparaci\u00f3n. Distri2B, socio de los mayores proveedores europeos del mercado de repuestos, permite a los mec\u00e1nicos acceder a la m\u00e1s amplia oferta de Europa, con <strong>m\u00e1s de 1100 marcas disponibles.<\/strong><\/p>\n<p>El modelo econ\u00f3mico de Distri2B asocia una completa gama de productos que abarca todos los modelos de veh\u00edculos, todos los tipos de marcas (pr\u00e9mium, calidad y econ\u00f3mica) y todas las necesidades de los talleres, a una presencia de <strong>liderazgo en el mercado de la automoci\u00f3n en Europa<\/strong>, <a href=\"https:\/\/07zr.com\/es\">07ZR.com<\/a>. La oferta de Distri2B se ve dinamizada por operaciones de marketing especiales o regulares para garantizar los precios m\u00e1s atractivos.<\/p>\n<p>Si bien la gesti\u00f3n de las facturas de los proveedores es un desaf\u00edo importante para los mec\u00e1nicos , Distri2B les ofrece un servicio de <strong>facturaci\u00f3n centralizada<\/strong> en 07ZR.com que permite agrupar varios albaranes en una \u00fanica factura multiproductos y multiproveedores. El objetivo es <strong>ofrecer un proceso de pedido y facturaci\u00f3n racionalizado para ahorrar tiempo<\/strong>.<\/p>\n<p>Por \u00faltimo, la empresa de distribuci\u00f3n desea ofrecer la mejor calidad de servicio a sus clientes y optimiza al mismo tiempo el tratamiento de las devoluciones y los cr\u00e9ditos para garantizar una <strong>experiencia del cliente satisfactoria<\/strong>.<\/p>\n<p>Distri2B, gestionada por especialistas experimentados del sector del autom\u00f3vil, quiere continuar su estrategia de crecimiento en los pr\u00f3ximos a\u00f1os, con una <strong>expansi\u00f3n internacional<\/strong> de alto valor a\u00f1adido en Espa\u00f1a e Italia en 2023. Como parte de su estrategia de desarrollo, la empresa tambi\u00e9n desea convertirse en el <strong>socio privilegiado de las redes de distribuci\u00f3n y reparaci\u00f3n<\/strong>, as\u00ed como de los sitios web de comercio electr\u00f3nico de autom\u00f3viles.[\/vc_column_text]<div class=\"mf-empty-space \" style=\"\"><div class=\"mf_empty_space_lg\"  style=\"height: 50px\"><\/div><div class=\"mf_empty_space_md\"  style=\"height: 50px\"><\/div><div class=\"mf_empty_space_xs\"  style=\"height: 50px\"><\/div><\/div>[\/vc_column][\/vc_row][vc_row][vc_column][vc_raw_html]JTVCM2QtZmxpcC1ib29rJTIwaWQlM0QlMjI0MjY2JTIyJTIwJTVEJTVCJTJGM2QtZmxpcC1ib29rJTVE[\/vc_raw_html]<div class=\"mf-empty-space \" style=\"\"><div class=\"mf_empty_space_lg\"  style=\"height: 80px\"><\/div><div class=\"mf_empty_space_md\"  style=\"height: 50px\"><\/div><div class=\"mf_empty_space_xs\"  style=\"height: 50px\"><\/div><\/div>[\/vc_column][\/vc_row][vc_row css=\u00bb.vc_custom_1727712650354{background-color: #e8e8e8 !important;}\u00bb][vc_column]<div class=\"mf-empty-space \" style=\"\"><div class=\"mf_empty_space_lg\"  style=\"height: 80px\"><\/div><div class=\"mf_empty_space_md\"  style=\"height: 50px\"><\/div><div class=\"mf_empty_space_xs\"  style=\"height: 50px\"><\/div><\/div><div class=\"mf-section-title text-center light large-size \"><h2 >Cifras clave<\/h2><\/div><div class=\"mf-empty-space \" style=\"\"><div class=\"mf_empty_space_lg\"  style=\"height: 55px\"><\/div><div class=\"mf_empty_space_md\"  style=\"height: 55px\"><\/div><div class=\"mf_empty_space_xs\"  style=\"height: 55px\"><\/div><\/div>[vc_progress_bar values=\u00bb%5B%7B%22label%22%3A%22Fecha%20de%20creaci%C3%B3n%20%3A%202019%22%2C%22value%22%3A%222019%22%7D%2C%7B%22label%22%3A%22Clientes%20referenciados%20en%20Espa%C3%B1a%20%3A%202500%22%2C%22value%22%3A%222500%22%7D%2C%7B%22label%22%3A%22Marcas%20disponibles%20%3A%201%20100%22%2C%22value%22%3A%221100%22%7D%2C%7B%22label%22%3A%22Referencias%20propuestas%20(repuestos%20y%20neum%C3%A1ticos)%20%3A%203%2C3%20millones%22%2C%22value%22%3A%223300%22%7D%5D\u00bb bgcolor=\u00bbcustom\u00bb options=\u00bbanimated\u00bb css_animation=\u00bblightSpeedIn\u00bb css=\u00bb.vc_custom_1772548541021{background-color: #f2f2f2 !important;}\u00bb]<div class=\"mf-empty-space \" style=\"\"><div class=\"mf_empty_space_lg\"  style=\"height: 55px\"><\/div><div class=\"mf_empty_space_md\"  style=\"height: 55px\"><\/div><div class=\"mf_empty_space_xs\"  style=\"height: 55px\"><\/div><\/div>[\/vc_column][\/vc_row][vc_row css=\u00bb.vc_custom_1727710958356{background-color: #ffffff !important;}\u00bb][vc_column]<div class=\"mf-empty-space \" style=\"\"><div class=\"mf_empty_space_lg\"  style=\"height: 55px\"><\/div><div class=\"mf_empty_space_md\"  style=\"height: 55px\"><\/div><div class=\"mf_empty_space_xs\"  style=\"height: 55px\"><\/div><\/div><div class=\"mf-section-title text-center dark large-size \"><h2 >Las ventajas de Distri2B<\/h2><\/div><div class=\"mf-empty-space \" style=\"\"><div class=\"mf_empty_space_lg\"  style=\"height: 55px\"><\/div><div class=\"mf_empty_space_md\"  style=\"height: 55px\"><\/div><div class=\"mf_empty_space_xs\"  style=\"height: 55px\"><\/div><\/div>[vc_row_inner][vc_column_inner offset=\u00bbvc_col-lg-6 vc_col-md-12\u2033]<div class=\"mf-icon-box icon_type-fontawesome icon_style-normal icon_position-top-center icon_size-small box-dark \"><span class=\"mf-icon\"><i class=\"fas fa-store-alt\"><\/i><\/span><div class=\"box-wrapper\"><h2 class=\"box-title\"><span >VENTANILLA \u00daNICA<\/span><\/h2><div class=\"desc\">Abarcar todas las necesidades de los talleres con la oferta m\u00e1s amplia de Europa<\/div><\/div><\/div><div class=\"mf-empty-space \" style=\"\"><div class=\"mf_empty_space_lg\"  style=\"height: 38px\"><\/div><div class=\"mf_empty_space_md\"  style=\"height: 30px\"><\/div><div class=\"mf_empty_space_xs\"  style=\"height: 30px\"><\/div><\/div><div class=\"mf-icon-box icon_type-fontawesome icon_style-normal icon_position-top-center icon_size-small box-dark \"><span class=\"mf-icon\"><i class=\"fas fa-tag\"><\/i><\/span><div class=\"box-wrapper\"><h2 class=\"box-title\"><span >PRECIOS ATRACTIVOS<\/span><\/h2><div class=\"desc\">Ofrecer los mejores precios, dinamizados por frecuentes campa\u00f1as comerciales<\/div><\/div><\/div><div class=\"mf-empty-space \" style=\"\"><div class=\"mf_empty_space_lg\"  style=\"height: 38px\"><\/div><div class=\"mf_empty_space_md\"  style=\"height: 30px\"><\/div><div class=\"mf_empty_space_xs\"  style=\"height: 30px\"><\/div><\/div>[\/vc_column_inner][vc_column_inner offset=\u00bbvc_col-lg-6 vc_col-md-12\u2033]<div class=\"mf-icon-box icon_type-fontawesome icon_style-normal icon_position-top-center icon_size-small box-dark \"><span class=\"mf-icon\"><i class=\"fas fa-compress-arrows-alt\"><\/i><\/span><div class=\"box-wrapper\"><h2 class=\"box-title\"><span >FACTURACI\u00d3N CENTRALIZADA<\/span><\/h2><div class=\"desc\">Racionalizar el proceso de pedido y optimizar la gesti\u00f3n de las facturas<\/div><\/div><\/div><div class=\"mf-empty-space \" style=\"\"><div class=\"mf_empty_space_lg\"  style=\"height: 38px\"><\/div><div class=\"mf_empty_space_md\"  style=\"height: 30px\"><\/div><div class=\"mf_empty_space_xs\"  style=\"height: 30px\"><\/div><\/div><div class=\"mf-icon-box icon_type-fontawesome icon_style-normal icon_position-top-center icon_size-small box-dark \"><span class=\"mf-icon\"><i class=\"fas fa-rocket\"><\/i><\/span><div class=\"box-wrapper\"><h2 class=\"box-title\"><span >CALIDAD DEL SERVICIO<\/span><\/h2><div class=\"desc\">Acelerar el tratamiento de las reclamaciones y la gesti\u00f3n de las devoluciones y los cr\u00e9ditos<\/div><\/div><\/div><div class=\"mf-empty-space \" style=\"\"><div class=\"mf_empty_space_lg\"  style=\"height: 38px\"><\/div><div class=\"mf_empty_space_md\"  style=\"height: 30px\"><\/div><div class=\"mf_empty_space_xs\"  style=\"height: 30px\"><\/div><\/div>[\/vc_column_inner][\/vc_row_inner][\/vc_column][\/vc_row]<\/p>\n<\/section>","protected":false},"excerpt":{"rendered":"<p>[vc_row][vc_column][\/vc_column][\/vc_row][vc_row][vc_column width=\u00bb1\/4\u2033][\/vc_column][vc_column width=\u00bb3\/4\u2033][vc_column_text]Distri2B es una empresa de distribuci\u00f3n multimarcas para el mercado de repuestos de autom\u00f3viles. Presente en Francia e Espa\u00f1a e Italia, la empresa interviene en el mercado B2B de la distribuci\u00f3n de neum\u00e1ticos, repuestos, lubricantes y equipamiento a los profesionales del mantenimiento y la reparaci\u00f3n. Distri2B, socio de los mayores proveedores europeos del [&hellip;]<\/p>\n","protected":false},"author":1,"featured_media":4074,"parent":0,"menu_order":0,"comment_status":"closed","ping_status":"closed","template":"template-fullwidth.php","meta":{"footnotes":""},"class_list":["post-32","page","type-page","status-publish","has-post-thumbnail","hentry",""],"_links":{"self":[{"href":"https:\/\/distri2b.com\/es\/wp-json\/wp\/v2\/pages\/32","targetHints":{"allow":["GET"]}}],"collection":[{"href":"https:\/\/distri2b.com\/es\/wp-json\/wp\/v2\/pages"}],"about":[{"href":"https:\/\/distri2b.com\/es\/wp-json\/wp\/v2\/types\/page"}],"author":[{"embeddable":true,"href":"https:\/\/distri2b.com\/es\/wp-json\/wp\/v2\/users\/1"}],"replies":[{"embeddable":true,"href":"https:\/\/distri2b.com\/es\/wp-json\/wp\/v2\/comments?post=32"}],"version-history":[{"count":25,"href":"https:\/\/distri2b.com\/es\/wp-json\/wp\/v2\/pages\/32\/revisions"}],"predecessor-version":[{"id":4379,"href":"https:\/\/distri2b.com\/es\/wp-json\/wp\/v2\/pages\/32\/revisions\/4379"}],"wp:featuredmedia":[{"embeddable":true,"href":"https:\/\/distri2b.com\/es\/wp-json\/"}],"wp:attachment":[{"href":"https:\/\/distri2b.com\/es\/wp-json\/wp\/v2\/media?parent=32"}],"curies":[{"name":"wp","href":"https:\/\/api.w.org\/{rel}","templated":true}]}}