{"id":3,"date":"2024-09-06T13:55:50","date_gmt":"2024-09-06T11:55:50","guid":{"rendered":"http:\/\/distri2b.com\/?page_id=3"},"modified":"2026-03-04T15:28:30","modified_gmt":"2026-03-04T14:28:30","slug":"politique-de-confidentialite","status":"publish","type":"page","link":"https:\/\/distri2b.com\/fr\/politique-de-confidentialite\/","title":{"rendered":"Politique de confidentialit\u00e9"},"content":{"rendered":"\r\n<p>Chez <strong>Distri2B<\/strong>, nous accordons une grande importance \u00e0 la protection de vos donn\u00e9es personnelles. Cette politique de confidentialit\u00e9 explique quelles informations nous collectons, comment nous les utilisons et quelles sont vos options en mati\u00e8re de gestion de vos donn\u00e9es.<\/p>\r\n\r\n\r\n\r\n<p>\u00a0<\/p>\r\n\r\n\r\n\r\n<h2 class=\"wp-block-heading\">Responsable du traitement<\/h2>\r\n\r\n\r\n\r\n<p>Le responsable du traitement des donn\u00e9es personnelles collect\u00e9es sur Distri2B.com est Distri2B SARL, au capital de 12000\u20ac, ci-apr\u00e8s \u00ab la Soci\u00e9t\u00e9 \u00bb. Distri2B, dont le si\u00e8ge social est situ\u00e9 68 Avenue de la Libert\u00e9 1930 Luxembourg, est immatricul\u00e9e au Registre du Commerce et des Soci\u00e9t\u00e9s de Luxembourg sous le num\u00e9ro B235660.<\/p>\r\n\r\n\r\n\r\n<h2 class=\"wp-block-heading\">Acc\u00e8s au site<\/h2>\r\n\r\n\r\n\r\n<p>Le site Distri2B.com est accessible en tout endroit, 7j\/7, 24h\/24 sauf cas de force majeure, interruption programm\u00e9e ou non et pouvant d\u00e9coulant d\u2019une n\u00e9cessit\u00e9 de maintenance. En cas de modification, interruption ou suspension du Site, la Soci\u00e9t\u00e9 ne saurait \u00eatre tenue responsable.<\/p>\r\n\r\n\r\n\r\n<h2 class=\"wp-block-heading\">Donn\u00e9es collect\u00e9es<\/h2>\r\n\r\n\r\n\r\n<p>Nous collectons plusieurs types de donn\u00e9es personnelles sur le site Distri2B.com pour fournir nos services, y compris mais sans s\u2019y limiter :<\/p>\r\n\r\n\r\n\r\n<p><strong>Donn\u00e9es techniques<\/strong> : adresse IP, type de navigateur, dur\u00e9e de la session, pages consult\u00e9es.<\/p>\r\n\r\n\r\n\r\n<p><strong>Informations d\u2019identification<\/strong> : nom, pr\u00e9nom, raison sociale, num\u00e9ro de TVA intracommunautaire, adresse email, num\u00e9ro de t\u00e9l\u00e9phone.<\/p>\r\n\r\n\r\n\r\n<h2 class=\"wp-block-heading\">Utilisation des donn\u00e9es<\/h2>\r\n\r\n\r\n\r\n<p>Les donn\u00e9es personnelles collect\u00e9es sur notre site sont utilis\u00e9es pour :<\/p>\r\n\r\n\r\n\r\n<ul class=\"wp-block-list\">\r\n<li><strong>G\u00e9rer vos commandes et livraisons<\/strong> ;<\/li>\r\n\r\n\r\n\r\n<li><strong>R\u00e9pondre \u00e0 vos sollicitations commerciales <\/strong>;<\/li>\r\n\r\n\r\n\r\n<li><strong>Am\u00e9liorer votre exp\u00e9rience utilisateur<\/strong> sur notre site ;<\/li>\r\n\r\n\r\n\r\n<li><strong>Communiquer des offres promotionnelles<\/strong> ou des informations concernant nos produits et services, sous r\u00e9serve de votre consentement ;<\/li>\r\n<\/ul>\r\n\r\n\r\n\r\n<h2 class=\"wp-block-heading\">Partage de donn\u00e9es<\/h2>\r\n\r\n\r\n\r\n<p>Nous ne partageons pas vos donn\u00e9es personnelles avec des tiers, sauf dans les cas suivants :<\/p>\r\n\r\n\r\n\r\n<ul class=\"wp-block-list\">\r\n<li><strong>Fournisseurs de services<\/strong> : nous pouvons partager vos informations avec des prestataires de services (livraison, paiement, marketing, etc.) pour ex\u00e9cuter un contrat.<\/li>\r\n\r\n\r\n\r\n<li><strong>Obligations l\u00e9gales<\/strong> : nous pouvons \u00eatre amen\u00e9s \u00e0 divulguer vos informations en r\u00e9ponse \u00e0 une obligation l\u00e9gale ou pour prot\u00e9ger nos droits.<\/li>\r\n<\/ul>\r\n\r\n\r\n\r\n<h2 class=\"wp-block-heading\">Propri\u00e9t\u00e9 intellectuelle<\/h2>\r\n\r\n\r\n\r\n<p>Tout le contenu du Site, incluant, de fa\u00e7on non limitative les graphismes, images, textes, vid\u00e9os, animations, sons, logos et ic\u00f4nes ainsi que leur mise en forme, sont la propri\u00e9t\u00e9 exclusive de la Soci\u00e9t\u00e9 \u00e0 l\u2019exception des marques, logos ou contenus appartenant \u00e0 d\u2019autres soci\u00e9t\u00e9s partenaires ou auteurs.<\/p>\r\n\r\n\r\n\r\n<p>Toute reproduction, distribution, modification, adaptation, retransmission ou publication, m\u00eame partielle, de ces diff\u00e9rents \u00e9l\u00e9ments est strictement interdite sans l\u2019accord expr\u00e8s par \u00e9crit de la Soci\u00e9t\u00e9.<\/p>\r\n\r\n\r\n\r\n<p>Cette repr\u00e9sentation ou reproduction, par quelque proc\u00e9d\u00e9 que ce soit, constitue une contrefa\u00e7on sanctionn\u00e9e par les droits de propri\u00e9t\u00e9 intellectuelle au Luxembourg. Le non-respect de cette interdiction constitue une contrefa\u00e7on pouvant engager la responsabilit\u00e9 civile et p\u00e9nale du contrefacteur.<\/p>\r\n\r\n\r\n\r\n<h2 class=\"wp-block-heading\">Mise \u00e0 jour des informations sur le site<\/h2>\r\n\r\n\r\n\r\n<p>La Soci\u00e9t\u00e9 met en \u0153uvre tous les moyens pour assurer une information fiable et une mise \u00e0 jour fiable du Site. Toutefois, des erreurs ou omissions peuvent survenir. L\u2019Utilisateur devra donc s\u2019assurer de l\u2019exactitude des informations aupr\u00e8s de la Soci\u00e9t\u00e9, et signaler toutes modifications du site qu\u2019il jugerait utile. La Soci\u00e9t\u00e9 n\u2019est en aucun cas responsable de l\u2019utilisation faite de ces informations, et de tout pr\u00e9judice direct ou indirect pouvant en d\u00e9couler.<\/p>\r\n\r\n\r\n\r\n<p>Si vous vous rendez sur la page de connexion, un cookie temporaire sera cr\u00e9\u00e9 afin de d\u00e9terminer si votre navigateur accepte les cookies. Il ne contient pas de donn\u00e9es personnelles et sera supprim\u00e9 automatiquement \u00e0 la fermeture de votre navigateur.<\/p>\r\n\r\n\r\n\r\n<p>Lorsque vous vous connecterez, nous mettrons en place un certain nombre de cookies pour enregistrer vos informations de connexion et vos pr\u00e9f\u00e9rences d\u2019\u00e9cran. La dur\u00e9e de vie d\u2019un cookie de connexion est de deux jours, celle d\u2019un cookie d\u2019option d\u2019\u00e9cran est d\u2019un an. Si vous cochez \u00ab\u00a0Se souvenir de moi\u00a0\u00bb, votre cookie de connexion sera conserv\u00e9 pendant deux semaines. Si vous vous d\u00e9connectez de votre compte, le cookie de connexion sera effac\u00e9.<\/p>\r\n\r\n\r\n\r\n<p>En modifiant ou en publiant une publication, un cookie suppl\u00e9mentaire sera enregistr\u00e9 dans votre navigateur. Ce cookie ne comprend aucune donn\u00e9e personnelle. Il indique simplement l\u2019ID de la publication que vous venez de modifier. Il expire au bout d\u2019un jour.<\/p>\r\n\r\n\r\n\r\n<h2 class=\"wp-block-heading\">S\u00e9curit\u00e9 des donn\u00e9es<\/h2>\r\n\r\n\r\n\r\n<p>Nous mettons en \u0153uvre des mesures de s\u00e9curit\u00e9 techniques et organisationnelles pour prot\u00e9ger vos donn\u00e9es contre toute perte, acc\u00e8s non autoris\u00e9, ou divulgation.<\/p>\r\n\r\n\r\n\r\n<p>Ces sites web pourraient collecter des donn\u00e9es sur vous, utiliser des cookies, embarquer des outils de suivis tiers, suivre vos interactions avec ces contenus embarqu\u00e9s si vous disposez d\u2019un compte connect\u00e9 sur leur site web.<\/p>\r\n\r\n\r\n\r\n<h2 class=\"wp-block-heading\">Vos droits<\/h2>\r\n\r\n\r\n\r\n<p>Conform\u00e9ment \u00e0 la r\u00e9glementation applicable, vous disposez des droits suivants concernant vos donn\u00e9es :<\/p>\r\n\r\n\r\n\r\n<ul class=\"wp-block-list\">\r\n<li><strong>Droit d\u2019acc\u00e8s<\/strong> : vous pouvez demander une copie des donn\u00e9es personnelles que nous d\u00e9tenons sur vous.<\/li>\r\n\r\n\r\n\r\n<li><strong>Droit de rectification<\/strong> : vous pouvez demander la correction de donn\u00e9es inexactes ou incompl\u00e8tes.<\/li>\r\n\r\n\r\n\r\n<li><strong>Droit de suppression<\/strong> : vous pouvez demander la suppression de vos donn\u00e9es dans certaines conditions.<\/li>\r\n\r\n\r\n\r\n<li><strong>Droit d\u2019opposition<\/strong> : vous pouvez vous opposer au traitement de vos donn\u00e9es \u00e0 des fins de marketing direct.<\/li>\r\n<\/ul>\r\n\r\n\r\n\r\n<p>Pour exercer ces droits, veuillez nous contacter \u00e0 contact@distri2b.com.<\/p>\r\n\r\n\r\n\r\n<h2 class=\"wp-block-heading\">Cookies<\/h2>\r\n\r\n\r\n\r\n<p>Pour assurer le bon fonctionnement du Site, des cookies sont enregistr\u00e9s sur l\u2019\u00e9quipement des utilisateurs.<\/p>\r\n\r\n\r\n\r\n<p>Cet enregistrement permet \u00e0 l\u2019Utilisateur de ne pas avoir \u00e0 r\u00e9indiquer ces informations \u00e0 chaque consultation du Site.<\/p>\r\n\r\n\r\n\r\n<p>L\u2019utilisation des cookies est r\u00e9gie par l\u2019article 5.3 de la directive 2002\/58\/CE du Parlement Europ\u00e9en et du conseil du 12 juillet 2002 modifi\u00e9e par la directive 2009\/136\/CE.<\/p>\r\n\r\n\r\n\r\n<p>L\u2019utilisation des cookies est soumise \u00e0 consentement pr\u00e9alable. La navigation sur le Site par l\u2019Utilisateur implique l\u2019acceptation int\u00e9grale et sans r\u00e9serve des cookies. Certaines parties du Site ne peuvent \u00eatre fonctionnelles dans l\u2019acceptation des cookies.<\/p>\r\n\r\n\r\n\r\n<p>L\u2019Utilisateur peut s\u2019opposer \u00e0 l\u2019utilisation de ces cookies en param\u00e9trant son navigateur.<\/p>\r\n\r\n\r\n\r\n<h2 class=\"wp-block-heading\">Modification de la Politique de Confidentialit\u00e9<\/h2>\r\n\r\n\r\n\r\n<p>Cette politique de confidentialit\u00e9 peut \u00eatre mise \u00e0 jour p\u00e9riodiquement pour refl\u00e9ter des changements dans nos pratiques ou des modifications l\u00e9gales. Nous vous encourageons \u00e0 consulter r\u00e9guli\u00e8rement cette page pour prendre connaissance de la version la plus r\u00e9cente.<\/p>\r\n\r\n\r\n\r\n<h2 class=\"wp-block-heading\">Contact<\/h2>\r\n\r\n\r\n\r\n<p>Si vous avez des questions concernant notre politique de confidentialit\u00e9 ou le traitement de vos donn\u00e9es personnelles, vous pouvez nous contacter \u00e0 l\u2019adresse suivante : contact@distri2b.com.<\/p>\r\n","protected":false},"excerpt":{"rendered":"<p>Chez Distri2B, nous accordons une grande importance \u00e0 la protection de vos donn\u00e9es personnelles. Cette politique de confidentialit\u00e9 explique quelles informations nous collectons, comment nous les utilisons et quelles sont vos options en mati\u00e8re de gestion de vos donn\u00e9es. \u00a0 Responsable du traitement Le responsable du traitement des donn\u00e9es personnelles collect\u00e9es sur Distri2B.com est Distri2B [&hellip;]<\/p>\n","protected":false},"author":1,"featured_media":0,"parent":0,"menu_order":0,"comment_status":"closed","ping_status":"open","template":"","meta":{"footnotes":""},"class_list":["post-3","page","type-page","status-publish","hentry","no-thumb"],"_links":{"self":[{"href":"https:\/\/distri2b.com\/fr\/wp-json\/wp\/v2\/pages\/3","targetHints":{"allow":["GET"]}}],"collection":[{"href":"https:\/\/distri2b.com\/fr\/wp-json\/wp\/v2\/pages"}],"about":[{"href":"https:\/\/distri2b.com\/fr\/wp-json\/wp\/v2\/types\/page"}],"author":[{"embeddable":true,"href":"https:\/\/distri2b.com\/fr\/wp-json\/wp\/v2\/users\/1"}],"replies":[{"embeddable":true,"href":"https:\/\/distri2b.com\/fr\/wp-json\/wp\/v2\/comments?post=3"}],"version-history":[{"count":17,"href":"https:\/\/distri2b.com\/fr\/wp-json\/wp\/v2\/pages\/3\/revisions"}],"predecessor-version":[{"id":4390,"href":"https:\/\/distri2b.com\/fr\/wp-json\/wp\/v2\/pages\/3\/revisions\/4390"}],"wp:attachment":[{"href":"https:\/\/distri2b.com\/fr\/wp-json\/wp\/v2\/media?parent=3"}],"curies":[{"name":"wp","href":"https:\/\/api.w.org\/{rel}","templated":true}]}}