{"id":32,"date":"2017-10-31T07:44:25","date_gmt":"2017-10-31T07:44:25","guid":{"rendered":"http:\/\/demo2.drfuri.com\/manufactory\/?page_id=32"},"modified":"2026-03-03T15:43:08","modified_gmt":"2026-03-03T14:43:08","slug":"presentation-distri2b","status":"publish","type":"page","link":"https:\/\/distri2b.com\/fr\/presentation-distri2b\/","title":{"rendered":"Pr\u00e9sentation de Distri2B"},"content":{"rendered":"<section class=\"wpb-content-wrapper\"><p>[vc_row][vc_column]<div class=\"mf-empty-space \" style=\"\"><div class=\"mf_empty_space_lg\"  style=\"height: 80px\"><\/div><div class=\"mf_empty_space_md\"  style=\"height: 50px\"><\/div><div class=\"mf_empty_space_xs\"  style=\"height: 50px\"><\/div><\/div>[\/vc_column][\/vc_row][vc_row][vc_column width=\u00a0\u00bb1\/4\u2033]<div class=\"mf-section-title text-left dark large-size \"><h3 class=\"main-color\">Bienvenue sur<\/h3><h2 >Distri2B<\/h2><\/div><div class=\"mf-empty-space \" style=\"\"><div class=\"mf_empty_space_lg\"  style=\"height: 85px\"><\/div><div class=\"mf_empty_space_md\"  style=\"height: 50px\"><\/div><div class=\"mf_empty_space_xs\"  style=\"height: 50px\"><\/div><\/div>[\/vc_column][vc_column width=\u00a0\u00bb3\/4\u2033][vc_column_text]Distri2B est une <strong>soci\u00e9t\u00e9 de distribution multimarques<\/strong> pour l\u2019aftermarket automobile.<\/p>\n<p>Pr\u00e9sente en France depuis 2019, l\u2019entreprise intervient sur le <strong>march\u00e9 B2B<\/strong> de la distribution de <strong>pneumatiques, pi\u00e8ces d\u00e9tach\u00e9es, lubrifiants et \u00e9quipements<\/strong> aupr\u00e8s des professionnels de l\u2019entretien et de la r\u00e9paration. Partenaire des plus grands fournisseurs europ\u00e9en de l\u2019aftermarket, Distri2B permet aux garagistes d\u2019acc\u00e9der au plus grand choix en Europe, avec <strong>plus de 1 100 marques disponibles.<\/strong><\/p>\n<p>Le mod\u00e8le \u00e9conomique de Distri2B associe une gamme compl\u00e8te de produits couvrant tous les mod\u00e8les de v\u00e9hicules, tous les types de marques (Premium, Quality, Budget) et tous les besoins du garage, \u00e0 une pr\u00e9sence sur la <strong>premi\u00e8re place de march\u00e9 automobile en Europe, <a href=\"https:\/\/07zr.com\/fr\/\" target=\"_blank\" rel=\"noopener\">07ZR.com<\/a><\/strong>. L\u2019offre de Distri2B y est dynamis\u00e9e par des op\u00e9rations marketing sp\u00e9ciales ou r\u00e9guli\u00e8res pour garantir les prix les plus attractifs.<\/p>\n<p>Alors que la gestion des factures fournisseurs est un enjeu majeur pour les garagistes, Distri2B propose sur 07ZR.com une <strong>facturation centralis\u00e9e<\/strong> qui permet de regrouper plusieurs bons de livraison sur une m\u00eame facture multi-produits et multi-fournisseurs. Objectif : <strong>offrir un process de commande et de facturation rationalis\u00e9s, pour un r\u00e9el gain de temps.<\/strong><\/p>\n<p>Enfin, la soci\u00e9t\u00e9 de distribution est soucieuse d\u2019offrir la meilleure qualit\u00e9 de service \u00e0 ses clients et optimise aussi le traitement des retours et des avoirs, pour une <strong>exp\u00e9rience client r\u00e9ussie<\/strong>.<\/p>\n<p>G\u00e9r\u00e9s par des sp\u00e9cialistes exp\u00e9riment\u00e9s du secteur automobile, Distri2B entend poursuivre sa strat\u00e9gie de croissance dans les ann\u00e9es \u00e0 venir, avec une <strong>expansion internationale<\/strong> \u00e0 forte valeur ajout\u00e9e en Espagne et en Italie. Dans le cadre de sa strat\u00e9gie de d\u00e9veloppement, l\u2019entreprise souhaite aussi devenir le <strong>partenaire privil\u00e9gi\u00e9 des r\u00e9seaux de distribution et de r\u00e9paration<\/strong> ainsi que des sites e-commerce automobiles.[\/vc_column_text]<div class=\"mf-empty-space \" style=\"\"><div class=\"mf_empty_space_lg\"  style=\"height: 50px\"><\/div><div class=\"mf_empty_space_md\"  style=\"height: 50px\"><\/div><div class=\"mf_empty_space_xs\"  style=\"height: 50px\"><\/div><\/div>[\/vc_column][\/vc_row][vc_row][vc_column][vc_raw_html]JTVCM2QtZmxpcC1ib29rJTIwaWQlM0QlMjI0MTE0JTIyJTIwJTVEJTVCJTJGM2QtZmxpcC1ib29rJTVE[\/vc_raw_html]<div class=\"mf-empty-space \" style=\"\"><div class=\"mf_empty_space_lg\"  style=\"height: 80px\"><\/div><div class=\"mf_empty_space_md\"  style=\"height: 50px\"><\/div><div class=\"mf_empty_space_xs\"  style=\"height: 50px\"><\/div><\/div>[\/vc_column][\/vc_row][vc_row css=\u00a0\u00bb.vc_custom_1727712650354{background-color: #e8e8e8 !important;}\u00a0\u00bb][vc_column]<div class=\"mf-empty-space \" style=\"\"><div class=\"mf_empty_space_lg\"  style=\"height: 80px\"><\/div><div class=\"mf_empty_space_md\"  style=\"height: 50px\"><\/div><div class=\"mf_empty_space_xs\"  style=\"height: 50px\"><\/div><\/div><div class=\"mf-section-title text-center light large-size \"><h2 >Chiffres-cl\u00e9s<\/h2><\/div><div class=\"mf-empty-space \" style=\"\"><div class=\"mf_empty_space_lg\"  style=\"height: 55px\"><\/div><div class=\"mf_empty_space_md\"  style=\"height: 55px\"><\/div><div class=\"mf_empty_space_xs\"  style=\"height: 55px\"><\/div><\/div>[vc_progress_bar values=\u00a0\u00bb%5B%7B%22label%22%3A%22Date%20de%20cr%C3%A9ation%20%3A%202019%22%2C%22value%22%3A%222019%22%7D%2C%7B%22label%22%3A%22Clients%20r%C3%A9f%C3%A9renc%C3%A9s%20en%20France%20%3A%2012%20000%22%2C%22value%22%3A%2212000%22%7D%2C%7B%22label%22%3A%22Marques%20disponibles%20%3A%201%20100%22%2C%22value%22%3A%221100%22%7D%2C%7B%22label%22%3A%22R%C3%A9f%C3%A9rences%20propos%C3%A9es%20%3A%203%2C3%20millions%22%2C%22value%22%3A%223300%22%7D%5D\u00a0\u00bb bgcolor=\u00a0\u00bbcustom\u00a0\u00bb options=\u00a0\u00bbanimated\u00a0\u00bb css_animation=\u00a0\u00bblightSpeedIn\u00a0\u00bb css=\u00a0\u00bb.vc_custom_1727706574474{background-color: #f2f2f2 !important;}\u00a0\u00bb]<div class=\"mf-empty-space \" style=\"\"><div class=\"mf_empty_space_lg\"  style=\"height: 55px\"><\/div><div class=\"mf_empty_space_md\"  style=\"height: 55px\"><\/div><div class=\"mf_empty_space_xs\"  style=\"height: 55px\"><\/div><\/div>[\/vc_column][\/vc_row][vc_row css=\u00a0\u00bb.vc_custom_1727710958356{background-color: #ffffff !important;}\u00a0\u00bb][vc_column]<div class=\"mf-empty-space \" style=\"\"><div class=\"mf_empty_space_lg\"  style=\"height: 55px\"><\/div><div class=\"mf_empty_space_md\"  style=\"height: 55px\"><\/div><div class=\"mf_empty_space_xs\"  style=\"height: 55px\"><\/div><\/div><div class=\"mf-section-title text-center dark large-size \"><h2 >Pourquoi choisir Distri2B ?<\/h2><\/div><div class=\"mf-empty-space \" style=\"\"><div class=\"mf_empty_space_lg\"  style=\"height: 55px\"><\/div><div class=\"mf_empty_space_md\"  style=\"height: 55px\"><\/div><div class=\"mf_empty_space_xs\"  style=\"height: 55px\"><\/div><\/div>[vc_row_inner][vc_column_inner offset=\u00a0\u00bbvc_col-lg-6 vc_col-md-12\u2033]<div class=\"mf-icon-box icon_type-fontawesome icon_style-normal icon_position-top-center icon_size-small box-dark \"><span class=\"mf-icon\"><i class=\"fas fa-store-alt\"><\/i><\/span><div class=\"box-wrapper\"><h2 class=\"box-title\"><span >ONE STOP SHOP<\/span><\/h2><div class=\"desc\">Couvrir tous les besoins du garage avec le plus grand choix en Europe.<\/div><\/div><\/div><div class=\"mf-empty-space \" style=\"\"><div class=\"mf_empty_space_lg\"  style=\"height: 38px\"><\/div><div class=\"mf_empty_space_md\"  style=\"height: 30px\"><\/div><div class=\"mf_empty_space_xs\"  style=\"height: 30px\"><\/div><\/div><div class=\"mf-icon-box icon_type-fontawesome icon_style-normal icon_position-top-center icon_size-small box-dark \"><span class=\"mf-icon\"><i class=\"fas fa-tag\"><\/i><\/span><div class=\"box-wrapper\"><h2 class=\"box-title\"><span >PRIX ATTRACTIFS<\/span><\/h2><div class=\"desc\">Offrir les meilleurs prix, dynamis\u00e9s par des op\u00e9rations commerciales fr\u00e9quentes.<\/div><\/div><\/div><div class=\"mf-empty-space \" style=\"\"><div class=\"mf_empty_space_lg\"  style=\"height: 38px\"><\/div><div class=\"mf_empty_space_md\"  style=\"height: 30px\"><\/div><div class=\"mf_empty_space_xs\"  style=\"height: 30px\"><\/div><\/div>[\/vc_column_inner][vc_column_inner offset=\u00a0\u00bbvc_col-lg-6 vc_col-md-12\u2033]<div class=\"mf-icon-box icon_type-fontawesome icon_style-normal icon_position-top-center icon_size-small box-dark \"><span class=\"mf-icon\"><i class=\"fas fa-compress-arrows-alt\"><\/i><\/span><div class=\"box-wrapper\"><h2 class=\"box-title\"><span >FACTURATION CENTRALISEE<\/span><\/h2><div class=\"desc\">Rationaliser le process de commande et optimiser la gestion des factures.<\/div><\/div><\/div><div class=\"mf-empty-space \" style=\"\"><div class=\"mf_empty_space_lg\"  style=\"height: 38px\"><\/div><div class=\"mf_empty_space_md\"  style=\"height: 30px\"><\/div><div class=\"mf_empty_space_xs\"  style=\"height: 30px\"><\/div><\/div><div class=\"mf-icon-box icon_type-fontawesome icon_style-normal icon_position-top-center icon_size-small box-dark \"><span class=\"mf-icon\"><i class=\"fas fa-rocket\"><\/i><\/span><div class=\"box-wrapper\"><h2 class=\"box-title\"><span >QUALITE DE SERVICE<\/span><\/h2><div class=\"desc\">Acc\u00e9l\u00e9rer le traitement des r\u00e9clamations, la gestion des retours et des avoirs.<\/div><\/div><\/div><div class=\"mf-empty-space \" style=\"\"><div class=\"mf_empty_space_lg\"  style=\"height: 38px\"><\/div><div class=\"mf_empty_space_md\"  style=\"height: 30px\"><\/div><div class=\"mf_empty_space_xs\"  style=\"height: 30px\"><\/div><\/div>[\/vc_column_inner][\/vc_row_inner][\/vc_column][\/vc_row]<\/p>\n<\/section>","protected":false},"excerpt":{"rendered":"<p>[vc_row][vc_column][\/vc_column][\/vc_row][vc_row][vc_column width=\u00a0\u00bb1\/4\u2033][\/vc_column][vc_column width=\u00a0\u00bb3\/4\u2033][vc_column_text]Distri2B est une soci\u00e9t\u00e9 de distribution multimarques pour l\u2019aftermarket automobile. Pr\u00e9sente en France depuis 2019, l\u2019entreprise intervient sur le march\u00e9 B2B de la distribution de pneumatiques, pi\u00e8ces d\u00e9tach\u00e9es, lubrifiants et \u00e9quipements aupr\u00e8s des professionnels de l\u2019entretien et de la r\u00e9paration. Partenaire des plus grands fournisseurs europ\u00e9en de l\u2019aftermarket, Distri2B permet aux garagistes d\u2019acc\u00e9der [&hellip;]<\/p>\n","protected":false},"author":1,"featured_media":4074,"parent":0,"menu_order":0,"comment_status":"closed","ping_status":"closed","template":"template-fullwidth.php","meta":{"footnotes":""},"class_list":["post-32","page","type-page","status-publish","has-post-thumbnail","hentry",""],"_links":{"self":[{"href":"https:\/\/distri2b.com\/fr\/wp-json\/wp\/v2\/pages\/32","targetHints":{"allow":["GET"]}}],"collection":[{"href":"https:\/\/distri2b.com\/fr\/wp-json\/wp\/v2\/pages"}],"about":[{"href":"https:\/\/distri2b.com\/fr\/wp-json\/wp\/v2\/types\/page"}],"author":[{"embeddable":true,"href":"https:\/\/distri2b.com\/fr\/wp-json\/wp\/v2\/users\/1"}],"replies":[{"embeddable":true,"href":"https:\/\/distri2b.com\/fr\/wp-json\/wp\/v2\/comments?post=32"}],"version-history":[{"count":25,"href":"https:\/\/distri2b.com\/fr\/wp-json\/wp\/v2\/pages\/32\/revisions"}],"predecessor-version":[{"id":4379,"href":"https:\/\/distri2b.com\/fr\/wp-json\/wp\/v2\/pages\/32\/revisions\/4379"}],"wp:featuredmedia":[{"embeddable":true,"href":"https:\/\/distri2b.com\/fr\/wp-json\/"}],"wp:attachment":[{"href":"https:\/\/distri2b.com\/fr\/wp-json\/wp\/v2\/media?parent=32"}],"curies":[{"name":"wp","href":"https:\/\/api.w.org\/{rel}","templated":true}]}}