{"id":3712,"date":"2018-03-28T08:22:09","date_gmt":"2018-03-28T08:22:09","guid":{"rendered":"http:\/\/demo2.steelthemes.com\/induscity\/?page_id=3712"},"modified":"2026-03-03T15:44:40","modified_gmt":"2026-03-03T14:44:40","slug":"home-5","status":"publish","type":"page","link":"https:\/\/distri2b.com\/fr\/","title":{"rendered":"Accueil"},"content":{"rendered":"<section class=\"wpb-content-wrapper\"><p>[vc_row][vc_column][rev_slider_vc alias=\u00a0\u00bbslider-21&Prime;][vc_empty_space height=\u00a0\u00bb30px\u00a0\u00bb]<div class=\"mf-section-title text-left dark large-size \"><\/div>[\/vc_column][\/vc_row][vc_row][vc_column width=\u00a0\u00bb1\/4&Prime;]<div class=\"mf-section-title text-left dark large-size \"><h3 class=\"main-color\">Bienvenue sur<\/h3><h2 >Distri2B<\/h2><\/div><div class=\"mf-empty-space \" style=\"\"><div class=\"mf_empty_space_lg\"  style=\"height: 85px\"><\/div><div class=\"mf_empty_space_md\"  style=\"height: 50px\"><\/div><div class=\"mf_empty_space_xs\"  style=\"height: 50px\"><\/div><\/div>[\/vc_column][vc_column width=\u00a0\u00bb3\/4&Prime;][vc_column_text]Distri2B est une <strong>soci\u00e9t\u00e9 de distribution multimarques<\/strong> pour l\u2019aftermarket automobile.<\/p>\n<p>Pr\u00e9sente en France depuis 2019, l\u2019entreprise intervient sur le <strong>march\u00e9 B2B<\/strong> de la distribution de <strong>pneumatiques, pi\u00e8ces d\u00e9tach\u00e9es, lubrifiants et \u00e9quipements<\/strong> aupr\u00e8s des professionnels de l\u2019entretien et de la r\u00e9paration. Partenaire des plus grands fournisseurs europ\u00e9en de l\u2019aftermarket, Distri2B permet aux garagistes d\u2019acc\u00e9der au plus grand choix en Europe, avec <strong>plus de 1 100 marques disponibles.<\/strong><\/p>\n<p>Le mod\u00e8le \u00e9conomique de Distri2B associe une gamme compl\u00e8te de produits couvrant tous les mod\u00e8les de v\u00e9hicules, tous les types de marques (Premium, Quality, Budget) et tous les besoins du garage, \u00e0 une pr\u00e9sence sur la <strong>premi\u00e8re place de march\u00e9 automobile en Europe, <a href=\"https:\/\/07zr.com\/fr\/\" target=\"_blank\" rel=\"noopener\">07ZR.com<\/a><\/strong>. L\u2019offre de Distri2B y est dynamis\u00e9e par des op\u00e9rations marketing sp\u00e9ciales ou r\u00e9guli\u00e8res pour garantir les prix les plus attractifs.<\/p>\n<p>Alors que la gestion des factures fournisseurs est un enjeu majeur pour les garagistes, Distri2B propose sur 07ZR.com une <strong>facturation centralis\u00e9e<\/strong> qui permet de regrouper plusieurs bons de livraison sur une m\u00eame facture multi-produits et multi-fournisseurs. Objectif : <strong>offrir un process de commande et de facturation rationalis\u00e9s, pour un r\u00e9el gain de temps.<\/strong><\/p>\n<p>Enfin, la soci\u00e9t\u00e9 de distribution est soucieuse d\u2019offrir la meilleure qualit\u00e9 de service \u00e0 ses clients et optimise aussi le traitement des retours et des avoirs, pour une <strong>exp\u00e9rience client r\u00e9ussie<\/strong>.<\/p>\n<p>G\u00e9r\u00e9s par des sp\u00e9cialistes exp\u00e9riment\u00e9s du secteur automobile, Distri2B entend poursuivre sa strat\u00e9gie de croissance dans les ann\u00e9es \u00e0 venir, avec une <strong>expansion internationale<\/strong> \u00e0 forte valeur ajout\u00e9e en Espagne et en Italie. Dans le cadre de sa strat\u00e9gie de d\u00e9veloppement, l\u2019entreprise souhaite aussi devenir le <strong>partenaire privil\u00e9gi\u00e9 des r\u00e9seaux de distribution et de r\u00e9paration<\/strong> ainsi que des sites e-commerce automobiles.[\/vc_column_text]<div class=\"mf-empty-space \" style=\"\"><div class=\"mf_empty_space_lg\"  style=\"height: 50px\"><\/div><div class=\"mf_empty_space_md\"  style=\"height: 50px\"><\/div><div class=\"mf_empty_space_xs\"  style=\"height: 50px\"><\/div><\/div>[\/vc_column][\/vc_row][vc_row css=\u00a0\u00bb.vc_custom_1727712617375{background-color: #e8e8e8 !important;}\u00a0\u00bb][vc_column]<div class=\"mf-empty-space \" style=\"\"><div class=\"mf_empty_space_lg\"  style=\"height: 50px\"><\/div><div class=\"mf_empty_space_md\"  style=\"height: 50px\"><\/div><div class=\"mf_empty_space_xs\"  style=\"height: 50px\"><\/div><\/div><div class=\"mf-section-title text-center dark large-size \"><h2 >Chiffres-cl\u00e9s<\/h2><\/div><div class=\"mf-empty-space \" style=\"\"><div class=\"mf_empty_space_lg\"  style=\"height: 55px\"><\/div><div class=\"mf_empty_space_md\"  style=\"height: 55px\"><\/div><div class=\"mf_empty_space_xs\"  style=\"height: 55px\"><\/div><\/div>[vc_progress_bar values=\u00a0\u00bb%5B%7B%22label%22%3A%22Date%20de%20cr%C3%A9ation%20%3A%202019%22%2C%22value%22%3A%222019%22%7D%2C%7B%22label%22%3A%22Clients%20r%C3%A9f%C3%A9renc%C3%A9s%20en%20France%20%3A%2012%20000%22%2C%22value%22%3A%2212000%22%7D%2C%7B%22label%22%3A%22Marques%20disponibles%20%3A%201%20100%22%2C%22value%22%3A%221100%22%7D%2C%7B%22label%22%3A%22R%C3%A9f%C3%A9rences%20propos%C3%A9es%20%3A%203%2C3%20millions%22%2C%22value%22%3A%223300%22%7D%5D\u00a0\u00bb bgcolor=\u00a0\u00bbcustom\u00a0\u00bb options=\u00a0\u00bbanimated\u00a0\u00bb css_animation=\u00a0\u00bblightSpeedIn\u00a0\u00bb css=\u00a0\u00bb.vc_custom_1727706574474{background-color: #f2f2f2 !important;}\u00a0\u00bb]<div class=\"mf-empty-space \" style=\"\"><div class=\"mf_empty_space_lg\"  style=\"height: 55px\"><\/div><div class=\"mf_empty_space_md\"  style=\"height: 55px\"><\/div><div class=\"mf_empty_space_xs\"  style=\"height: 55px\"><\/div><\/div>[\/vc_column][\/vc_row][vc_row css=\u00a0\u00bb.vc_custom_1727712566853{background-color: #ffffff !important;}\u00a0\u00bb][vc_column]<div class=\"mf-empty-space \" style=\"\"><div class=\"mf_empty_space_lg\"  style=\"height: 55px\"><\/div><div class=\"mf_empty_space_md\"  style=\"height: 55px\"><\/div><div class=\"mf_empty_space_xs\"  style=\"height: 55px\"><\/div><\/div><div class=\"mf-section-title text-center dark large-size \"><h2 >Pourquoi choisir Distri2B ?<\/h2><\/div><div class=\"mf-empty-space \" style=\"\"><div class=\"mf_empty_space_lg\"  style=\"height: 55px\"><\/div><div class=\"mf_empty_space_md\"  style=\"height: 55px\"><\/div><div class=\"mf_empty_space_xs\"  style=\"height: 55px\"><\/div><\/div>[vc_row_inner][vc_column_inner offset=\u00a0\u00bbvc_col-lg-6 vc_col-md-12&Prime;]<div class=\"mf-icon-box icon_type-fontawesome icon_style-has-background-color icon_position-top-center icon_size-large box-dark \"><span class=\"mf-icon\"><i class=\"fas fa-store\"><\/i><\/span><div class=\"box-wrapper\"><h2 class=\"box-title\"><span >ONE STOP SHOP<\/span><\/h2><div class=\"desc\"><\/p>\n<p style=\"text-align: center;\">Couvrir tous les besoins du garage avec le plus grand choix en Europe.<\/p>\n<p><\/div><\/div><\/div><div class=\"mf-empty-space \" style=\"\"><div class=\"mf_empty_space_lg\"  style=\"height: 38px\"><\/div><div class=\"mf_empty_space_md\"  style=\"height: 30px\"><\/div><div class=\"mf_empty_space_xs\"  style=\"height: 30px\"><\/div><\/div><div class=\"mf-icon-box icon_type-fontawesome icon_style-has-background-color icon_position-top-center icon_size-large box-dark \"><span class=\"mf-icon\"><i class=\"fas fa-tag\"><\/i><\/span><div class=\"box-wrapper\"><h2 class=\"box-title\"><span >PRIX ATTRACTIFS<\/span><\/h2><div class=\"desc\">Offrir les meilleurs prix, dynamis\u00e9s par des op\u00e9rations commerciales fr\u00e9quentes.<\/div><\/div><\/div><div class=\"mf-empty-space \" style=\"\"><div class=\"mf_empty_space_lg\"  style=\"height: 38px\"><\/div><div class=\"mf_empty_space_md\"  style=\"height: 30px\"><\/div><div class=\"mf_empty_space_xs\"  style=\"height: 30px\"><\/div><\/div>[\/vc_column_inner][vc_column_inner offset=\u00a0\u00bbvc_col-lg-6 vc_col-md-12&Prime;]<div class=\"mf-icon-box icon_type-fontawesome icon_style-has-background-color icon_position-top-center icon_size-large box-dark \"><span class=\"mf-icon\"><i class=\"fas fa-compress-arrows-alt\"><\/i><\/span><div class=\"box-wrapper\"><h2 class=\"box-title\"><span >FACTURATION CENTRALISEE<\/span><\/h2><div class=\"desc\">Rationaliser le process de commande et optimiser la gestion des factures.<\/div><\/div><\/div><div class=\"mf-empty-space \" style=\"\"><div class=\"mf_empty_space_lg\"  style=\"height: 38px\"><\/div><div class=\"mf_empty_space_md\"  style=\"height: 30px\"><\/div><div class=\"mf_empty_space_xs\"  style=\"height: 30px\"><\/div><\/div><div class=\"mf-icon-box icon_type-fontawesome icon_style-has-background-color icon_position-top-center icon_size-large box-dark \"><span class=\"mf-icon\"><i class=\"fas fa-rocket\"><\/i><\/span><div class=\"box-wrapper\"><h2 class=\"box-title\"><span >QUALITE DE SERVICE<\/span><\/h2><div class=\"desc\">Acc\u00e9l\u00e9rer le traitement des r\u00e9clamations, la gestion des retours et des avoirs.<\/div><\/div><\/div><div class=\"mf-empty-space \" style=\"\"><div class=\"mf_empty_space_lg\"  style=\"height: 38px\"><\/div><div class=\"mf_empty_space_md\"  style=\"height: 30px\"><\/div><div class=\"mf_empty_space_xs\"  style=\"height: 30px\"><\/div><\/div>[\/vc_column_inner][\/vc_row_inner][\/vc_column][\/vc_row][vc_row css=\u00a0\u00bb.vc_custom_1580720375102{background-image: url(http:\/\/demo2.steelthemes.com\/induscity\/wp-content\/uploads\/sites\/9\/2020\/02\/portfolio-hp4.jpg?id=3914) !important;}\u00a0\u00bb][vc_column]<div class=\"mf-empty-space \" style=\"\"><div class=\"mf_empty_space_lg\"  style=\"height: 75px\"><\/div><div class=\"mf_empty_space_md\"  style=\"height: 50px\"><\/div><div class=\"mf_empty_space_xs\"  style=\"height: 50px\"><\/div><\/div><div class=\"mf-section-title text-center light large-size \"><h2 >Notre offre<\/h2><\/div><div class=\"mf-empty-space \" style=\"\"><div class=\"mf_empty_space_lg\"  style=\"height: 45px\"><\/div><div class=\"mf_empty_space_md\"  style=\"height: 30px\"><\/div><div class=\"mf_empty_space_xs\"  style=\"height: 30px\"><\/div><\/div><div class=\"mf-portfolio mf-portfolio-isotope  portfolio-modern center\">\n\t\t\t\t<div class=\"mf-portfolio-header nav-section\"><\/div>\n                <div class=\"portfolio-list mf-list-portfolio row\" id=\"mf-portfolio-slider\"><div id=\"post-3954\" class=\"project-wrapper col-sm-6 col-xs-12 col-md-3 col-4 post-3954 portfolio type-portfolio status-publish has-post-thumbnail hentry \">\n\t<div class=\"project-inner\">\n\t\t<div class=\"project-thumbnail\">\n\t\t\t<img loading=\"lazy\" decoding=\"async\" width=\"585\" height=\"415\" src=\"https:\/\/distri2b.com\/wp-content\/uploads\/2017\/11\/29765-585x415.jpg\" class=\"attachment-induscity-portfolio-thumbnail size-induscity-portfolio-thumbnail wp-post-image\" alt=\"Pneus\" \/>\t\t\t<a href=\"https:\/\/distri2b.com\/fr\/portfolio\/pneumatiques\/\" class=\"pro-link\"><span class=\"mf-portfolio-icon\"><i class=\"flaticon-multimedia\"><\/i><\/span><\/a>\n\t\t<\/div>\n\t\t<div class=\"project-summary\">\n\t\t\t\t\t\t\t<h2 class=\"project-title\"><a href=\"https:\/\/distri2b.com\/fr\/portfolio\/pneumatiques\/\">Pneumatiques<\/a><\/h2>\n\t\t\t\n\t\t\t\t\t<\/div>\n\t<\/div>\n<\/div><!-- #project-## -->\n<div id=\"post-3234\" class=\"project-wrapper col-sm-6 col-xs-12 col-md-3 col-4 post-3234 portfolio type-portfolio status-publish has-post-thumbnail hentry \">\n\t<div class=\"project-inner\">\n\t\t<div class=\"project-thumbnail\">\n\t\t\t<img loading=\"lazy\" decoding=\"async\" width=\"585\" height=\"415\" src=\"https:\/\/distri2b.com\/wp-content\/uploads\/2017\/11\/AdobeStock_67987692-585x415.jpg\" class=\"attachment-induscity-portfolio-thumbnail size-induscity-portfolio-thumbnail wp-post-image\" alt=\"Pi\u00e8ces d\u00e9tach\u00e9es\" \/>\t\t\t<a href=\"https:\/\/distri2b.com\/fr\/portfolio\/pieces-detachees\/\" class=\"pro-link\"><span class=\"mf-portfolio-icon\"><i class=\"flaticon-multimedia\"><\/i><\/span><\/a>\n\t\t<\/div>\n\t\t<div class=\"project-summary\">\n\t\t\t\t\t\t\t<h2 class=\"project-title\"><a href=\"https:\/\/distri2b.com\/fr\/portfolio\/pieces-detachees\/\">Pi\u00e8ces d\u00e9tach\u00e9es<\/a><\/h2>\n\t\t\t\n\t\t\t\t\t<\/div>\n\t<\/div>\n<\/div><!-- #project-## -->\n<div id=\"post-3956\" class=\"project-wrapper col-sm-6 col-xs-12 col-md-3 col-4 post-3956 portfolio type-portfolio status-publish has-post-thumbnail hentry \">\n\t<div class=\"project-inner\">\n\t\t<div class=\"project-thumbnail\">\n\t\t\t<img loading=\"lazy\" decoding=\"async\" width=\"585\" height=\"415\" src=\"https:\/\/distri2b.com\/wp-content\/uploads\/2017\/11\/AdobeStock_9389575-585x415.jpg\" class=\"attachment-induscity-portfolio-thumbnail size-induscity-portfolio-thumbnail wp-post-image\" alt=\"Jantes\" \/>\t\t\t<a href=\"https:\/\/distri2b.com\/fr\/portfolio\/jantes\/\" class=\"pro-link\"><span class=\"mf-portfolio-icon\"><i class=\"flaticon-multimedia\"><\/i><\/span><\/a>\n\t\t<\/div>\n\t\t<div class=\"project-summary\">\n\t\t\t\t\t\t\t<h2 class=\"project-title\"><a href=\"https:\/\/distri2b.com\/fr\/portfolio\/jantes\/\">Jantes<\/a><\/h2>\n\t\t\t\n\t\t\t\t\t<\/div>\n\t<\/div>\n<\/div><!-- #project-## -->\n<div id=\"post-3251\" class=\"project-wrapper col-sm-6 col-xs-12 col-md-3 col-4 post-3251 portfolio type-portfolio status-publish has-post-thumbnail hentry \">\n\t<div class=\"project-inner\">\n\t\t<div class=\"project-thumbnail\">\n\t\t\t<img loading=\"lazy\" decoding=\"async\" width=\"585\" height=\"415\" src=\"https:\/\/distri2b.com\/wp-content\/uploads\/2017\/11\/AdobeStock_545741957-585x415.jpg\" class=\"attachment-induscity-portfolio-thumbnail size-induscity-portfolio-thumbnail wp-post-image\" alt=\"Cha\u00eenes\" \/>\t\t\t<a href=\"https:\/\/distri2b.com\/fr\/portfolio\/chaines\/\" class=\"pro-link\"><span class=\"mf-portfolio-icon\"><i class=\"flaticon-multimedia\"><\/i><\/span><\/a>\n\t\t<\/div>\n\t\t<div class=\"project-summary\">\n\t\t\t\t\t\t\t<h2 class=\"project-title\"><a href=\"https:\/\/distri2b.com\/fr\/portfolio\/chaines\/\">Cha\u00eenes<\/a><\/h2>\n\t\t\t\n\t\t\t\t\t<\/div>\n\t<\/div>\n<\/div><!-- #project-## -->\n<div id=\"post-3955\" class=\"project-wrapper col-sm-6 col-xs-12 col-md-3 col-4 post-3955 portfolio type-portfolio status-publish has-post-thumbnail hentry \">\n\t<div class=\"project-inner\">\n\t\t<div class=\"project-thumbnail\">\n\t\t\t<img loading=\"lazy\" decoding=\"async\" width=\"585\" height=\"415\" src=\"https:\/\/distri2b.com\/wp-content\/uploads\/2017\/11\/plastic-bottles-from-automobile-oils-isolated-white-585x415.jpg\" class=\"attachment-induscity-portfolio-thumbnail size-induscity-portfolio-thumbnail wp-post-image\" alt=\"Huiles et additifs\" \/>\t\t\t<a href=\"https:\/\/distri2b.com\/fr\/portfolio\/huiles-additifs\/\" class=\"pro-link\"><span class=\"mf-portfolio-icon\"><i class=\"flaticon-multimedia\"><\/i><\/span><\/a>\n\t\t<\/div>\n\t\t<div class=\"project-summary\">\n\t\t\t\t\t\t\t<h2 class=\"project-title\"><a href=\"https:\/\/distri2b.com\/fr\/portfolio\/huiles-additifs\/\">Huiles &#038; Additifs<\/a><\/h2>\n\t\t\t\n\t\t\t\t\t<\/div>\n\t<\/div>\n<\/div><!-- #project-## -->\n<div id=\"post-3250\" class=\"project-wrapper col-sm-6 col-xs-12 col-md-3 col-4 post-3250 portfolio type-portfolio status-publish has-post-thumbnail hentry \">\n\t<div class=\"project-inner\">\n\t\t<div class=\"project-thumbnail\">\n\t\t\t<img loading=\"lazy\" decoding=\"async\" width=\"585\" height=\"415\" src=\"https:\/\/distri2b.com\/wp-content\/uploads\/2017\/11\/AdobeStock_258954062-585x415.jpg\" class=\"attachment-induscity-portfolio-thumbnail size-induscity-portfolio-thumbnail wp-post-image\" alt=\"Batteries\" \/>\t\t\t<a href=\"https:\/\/distri2b.com\/fr\/portfolio\/batteries\/\" class=\"pro-link\"><span class=\"mf-portfolio-icon\"><i class=\"flaticon-multimedia\"><\/i><\/span><\/a>\n\t\t<\/div>\n\t\t<div class=\"project-summary\">\n\t\t\t\t\t\t\t<h2 class=\"project-title\"><a href=\"https:\/\/distri2b.com\/fr\/portfolio\/batteries\/\">Batteries<\/a><\/h2>\n\t\t\t\n\t\t\t\t\t<\/div>\n\t<\/div>\n<\/div><!-- #project-## -->\n<\/div>\n            <\/div><div class=\"mf-empty-space \" style=\"\"><div class=\"mf_empty_space_lg\"  style=\"height: 80px\"><\/div><div class=\"mf_empty_space_md\"  style=\"height: 50px\"><\/div><div class=\"mf_empty_space_xs\"  style=\"height: 50px\"><\/div><\/div><div class=\"mf-empty-space \" style=\"\"><div class=\"mf_empty_space_lg\"  style=\"height: 80px\"><\/div><div class=\"mf_empty_space_md\"  style=\"height: 50px\"><\/div><div class=\"mf_empty_space_xs\"  style=\"height: 50px\"><\/div><\/div>[\/vc_column][\/vc_row][vc_row][vc_column]<div class=\"mf-empty-space \" style=\"\"><div class=\"mf_empty_space_lg\"  style=\"height: 75px\"><\/div><div class=\"mf_empty_space_md\"  style=\"height: 50px\"><\/div><div class=\"mf_empty_space_xs\"  style=\"height: 50px\"><\/div><\/div><div class=\"mf-section-title text-left dark large-size \"><h3 class=\"main-color\">Facturation centralis\u00e9e<\/h3><h2 >Un v\u00e9ritable atout pour les garages<\/h2><\/div><div class=\"mf-empty-space \" style=\"\"><div class=\"mf_empty_space_lg\"  style=\"height: 30px\"><\/div><div class=\"mf_empty_space_md\"  style=\"height: 30px\"><\/div><div class=\"mf_empty_space_xs\"  style=\"height: 30px\"><\/div><\/div>[vc_column_text]La gestion des factures fournisseurs est un enjeu majeur pour les garagistes, Distri2B propose sur 07ZR.com une facturation centralis\u00e9e qui permet de <strong>regrouper plusieurs bons de livraison sur une m\u00eame facture<\/strong> multi-produits et multi-fournisseurs, pour faciliter le quotidien des garagistes.[\/vc_column_text]<div class=\"mf-empty-space \" style=\"\"><div class=\"mf_empty_space_lg\"  style=\"height: 80px\"><\/div><div class=\"mf_empty_space_md\"  style=\"height: 50px\"><\/div><div class=\"mf_empty_space_xs\"  style=\"height: 50px\"><\/div><\/div>[\/vc_column][\/vc_row][vc_row css=\u00a0\u00bb.vc_custom_1580720540424{background-image: url(http:\/\/demo2.steelthemes.com\/induscity\/wp-content\/uploads\/sites\/9\/2020\/02\/hp3-quote-bg.jpg?id=3908) !important;}\u00a0\u00bb][vc_column]<div class=\"mf-empty-space \" style=\"\"><div class=\"mf_empty_space_lg\"  style=\"height: 80px\"><\/div><div class=\"mf_empty_space_md\"  style=\"height: 50px\"><\/div><div class=\"mf_empty_space_xs\"  style=\"height: 50px\"><\/div><\/div>[vc_row_inner css=\u00a0\u00bb.vc_custom_1522224654478{background-color: #ffffff !important;}\u00a0\u00bb][vc_column_inner]<div class=\"mf-empty-space \" style=\"\"><div class=\"mf_empty_space_lg\"  style=\"height: 40px\"><\/div><div class=\"mf_empty_space_md\"  style=\"height: 40px\"><\/div><div class=\"mf_empty_space_xs\"  style=\"height: 40px\"><\/div><\/div><div class=\"mf-section-title text-center dark large-size \"><h2 >Besoin d'en savoir plus ? Contactez-nous !<\/h2><\/div><div class=\"mf-empty-space \" style=\"\"><div class=\"mf_empty_space_lg\"  style=\"height: 50px\"><\/div><div class=\"mf_empty_space_md\"  style=\"height: 30px\"><\/div><div class=\"mf_empty_space_xs\"  style=\"height: 30px\"><\/div><\/div>[\/vc_column_inner][\/vc_row_inner][vc_row_inner css=\u00a0\u00bb.vc_custom_1580720556758{background-color: #ffffff !important;}\u00a0\u00bb][vc_column_inner offset=\u00a0\u00bbvc_col-lg-6 vc_col-md-12&Prime; css=\u00a0\u00bb.vc_custom_1522226583807{margin-bottom: 30px !important;padding-right: 40px !important;padding-left: 40px !important;}\u00a0\u00bb][vc_column_text]Tous les produits indispensables d\u2019un centre auto, chez un seul distributeur ! Une profondeur de gamme in\u00e9gal\u00e9e en Europe pour un vrai gain de temps[\/vc_column_text]<div class=\"mf-empty-space \" style=\"\"><div class=\"mf_empty_space_lg\"  style=\"height: 25px\"><\/div><div class=\"mf_empty_space_md\"  style=\"height: 25px\"><\/div><div class=\"mf_empty_space_xs\"  style=\"height: 25px\"><\/div><\/div>[vc_column_text]Compe\u0301titivite\u0301 tarifaire, facturation simplifie\u0301e et conditions de livraison optimis\u00e9es.[\/vc_column_text]<div class=\"mf-empty-space \" style=\"\"><div class=\"mf_empty_space_lg\"  style=\"height: 40px\"><\/div><div class=\"mf_empty_space_md\"  style=\"height: 40px\"><\/div><div class=\"mf_empty_space_xs\"  style=\"height: 40px\"><\/div><\/div>[\/vc_column_inner][vc_column_inner offset=\u00a0\u00bbvc_col-lg-6 vc_col-md-12&Prime; css=\u00a0\u00bb.vc_custom_1522226590863{padding-right: 40px !important;}\u00a0\u00bb]<div class=\"mf-contact-form-7 form-light \" style=\"\">\n<div class=\"wpcf7 no-js\" id=\"wpcf7-f1324-o1\" lang=\"en-US\" dir=\"ltr\" data-wpcf7-id=\"1324\">\n<div class=\"screen-reader-response\"><p role=\"status\" aria-live=\"polite\" aria-atomic=\"true\"><\/p> <ul><\/ul><\/div>\n<form action=\"\/fr\/wp-json\/wp\/v2\/pages\/3712#wpcf7-f1324-o1\" method=\"post\" class=\"wpcf7-form init\" aria-label=\"Contact form\" novalidate=\"novalidate\" data-status=\"init\">\n<fieldset class=\"hidden-fields-container\"><input type=\"hidden\" name=\"_wpcf7\" value=\"1324\" \/><input type=\"hidden\" name=\"_wpcf7_version\" value=\"6.1.5\" \/><input type=\"hidden\" name=\"_wpcf7_locale\" value=\"en_US\" \/><input type=\"hidden\" name=\"_wpcf7_unit_tag\" value=\"wpcf7-f1324-o1\" \/><input type=\"hidden\" name=\"_wpcf7_container_post\" value=\"0\" \/><input type=\"hidden\" name=\"_wpcf7_posted_data_hash\" value=\"\" \/><input type=\"hidden\" name=\"lang\" value=\"fr\" \/>\n<\/fieldset>\n<div class=\"mf-form mf-form-2\">\n\t<div class=\"row\">\n\t\t<div class=\"col-md-6 col-xs-12 col-sm-12 mf-input-field\">\n\t\t\t<p><span class=\"wpcf7-form-control-wrap\" data-name=\"societe\"><input size=\"40\" maxlength=\"400\" class=\"wpcf7-form-control wpcf7-text wpcf7-validates-as-required\" aria-required=\"true\" aria-invalid=\"false\" placeholder=\"Soci\u00e9t\u00e9*\" value=\"\" type=\"text\" name=\"societe\" \/><\/span>\n\t\t\t<\/p>\n\t\t\t<p><span class=\"wpcf7-form-control-wrap\" data-name=\"nom\"><input size=\"40\" maxlength=\"400\" class=\"wpcf7-form-control wpcf7-text wpcf7-validates-as-required\" aria-required=\"true\" aria-invalid=\"false\" placeholder=\"Nom Pr\u00e9nom*\" value=\"\" type=\"text\" name=\"nom\" \/><\/span>\n\t\t\t<\/p>\n\t\t\t<p><span class=\"wpcf7-form-control-wrap\" data-name=\"email-446\"><input size=\"40\" maxlength=\"400\" class=\"wpcf7-form-control wpcf7-email wpcf7-validates-as-required wpcf7-text wpcf7-validates-as-email\" aria-required=\"true\" aria-invalid=\"false\" placeholder=\"Email*\" value=\"\" type=\"email\" name=\"email-446\" \/><\/span>\n\t\t\t<\/p>\n\t\t\t<p><span class=\"wpcf7-form-control-wrap\" data-name=\"tel-319\"><input size=\"40\" maxlength=\"400\" class=\"wpcf7-form-control wpcf7-tel wpcf7-validates-as-required wpcf7-text wpcf7-validates-as-tel\" aria-required=\"true\" aria-invalid=\"false\" value=\"T\u00e9l\u00e9phone\" type=\"tel\" name=\"tel-319\" \/><\/span>\n\t\t\t<\/p>\n\t\t\t<p><span class=\"wpcf7-form-control-wrap\" data-name=\"ville\"><input size=\"40\" maxlength=\"400\" class=\"wpcf7-form-control wpcf7-text wpcf7-validates-as-required\" aria-required=\"true\" aria-invalid=\"false\" placeholder=\"Ville\" value=\"\" type=\"text\" name=\"ville\" \/><\/span>\n\t\t\t<\/p>\n\t\t<\/div>\n\t\t<div class=\"col-md-6 col-xs-12 col-sm-12 mf-textarea-field\">\n\t\t\t<p><span class=\"wpcf7-form-control-wrap\" data-name=\"comment\"><textarea cols=\"40\" rows=\"10\" maxlength=\"2000\" class=\"wpcf7-form-control wpcf7-textarea\" aria-invalid=\"false\" placeholder=\"Ecrivez votre message...\" name=\"comment\"><\/textarea><\/span>\n\t\t\t<\/p>\n\t\t<\/div>\n\t\t<div class=\"text-center mf-submit col-md-12 col-xs-12 col-sm-12\">\n\t\t\t<p><input class=\"wpcf7-form-control wpcf7-submit has-spinner\" type=\"submit\" value=\"Envoyer\" \/>\n\t\t\t<\/p>\n\t\t<\/div>\n\t<\/div>\n<\/div><div class=\"wpcf7-response-output\" aria-hidden=\"true\"><\/div>\n<\/form>\n<\/div>\n<\/div><div class=\"mf-empty-space \" style=\"\"><div class=\"mf_empty_space_lg\"  style=\"height: 40px\"><\/div><div class=\"mf_empty_space_md\"  style=\"height: 40px\"><\/div><div class=\"mf_empty_space_xs\"  style=\"height: 40px\"><\/div><\/div>[\/vc_column_inner][\/vc_row_inner]<div class=\"mf-empty-space \" style=\"\"><div class=\"mf_empty_space_lg\"  style=\"height: 80px\"><\/div><div class=\"mf_empty_space_md\"  style=\"height: 50px\"><\/div><div class=\"mf_empty_space_xs\"  style=\"height: 50px\"><\/div><\/div>[\/vc_column][\/vc_row]<\/p>\n<\/section>","protected":false},"excerpt":{"rendered":"<p>[vc_row][vc_column][rev_slider_vc alias=\u00a0\u00bbslider-21&Prime;][vc_empty_space height=\u00a0\u00bb30px\u00a0\u00bb][\/vc_column][\/vc_row][vc_row][vc_column width=\u00a0\u00bb1\/4&Prime;][\/vc_column][vc_column width=\u00a0\u00bb3\/4&Prime;][vc_column_text]Distri2B est une soci\u00e9t\u00e9 de distribution multimarques pour l\u2019aftermarket automobile. Pr\u00e9sente en France depuis 2019, l\u2019entreprise intervient sur le march\u00e9 B2B de la distribution de pneumatiques, pi\u00e8ces d\u00e9tach\u00e9es, lubrifiants et \u00e9quipements aupr\u00e8s des professionnels de l\u2019entretien et de la r\u00e9paration. Partenaire des plus grands fournisseurs europ\u00e9en de l\u2019aftermarket, Distri2B permet aux [&hellip;]<\/p>\n","protected":false},"author":1,"featured_media":0,"parent":0,"menu_order":0,"comment_status":"closed","ping_status":"closed","template":"template-homepage.php","meta":{"footnotes":""},"class_list":["post-3712","page","type-page","status-publish","hentry",""],"_links":{"self":[{"href":"https:\/\/distri2b.com\/fr\/wp-json\/wp\/v2\/pages\/3712","targetHints":{"allow":["GET"]}}],"collection":[{"href":"https:\/\/distri2b.com\/fr\/wp-json\/wp\/v2\/pages"}],"about":[{"href":"https:\/\/distri2b.com\/fr\/wp-json\/wp\/v2\/types\/page"}],"author":[{"embeddable":true,"href":"https:\/\/distri2b.com\/fr\/wp-json\/wp\/v2\/users\/1"}],"replies":[{"embeddable":true,"href":"https:\/\/distri2b.com\/fr\/wp-json\/wp\/v2\/comments?post=3712"}],"version-history":[{"count":73,"href":"https:\/\/distri2b.com\/fr\/wp-json\/wp\/v2\/pages\/3712\/revisions"}],"predecessor-version":[{"id":4381,"href":"https:\/\/distri2b.com\/fr\/wp-json\/wp\/v2\/pages\/3712\/revisions\/4381"}],"wp:attachment":[{"href":"https:\/\/distri2b.com\/fr\/wp-json\/wp\/v2\/media?parent=3712"}],"curies":[{"name":"wp","href":"https:\/\/api.w.org\/{rel}","templated":true}]}}