{"id":44,"date":"2017-10-31T07:46:22","date_gmt":"2017-10-31T07:46:22","guid":{"rendered":"http:\/\/demo2.drfuri.com\/manufactory\/?page_id=44"},"modified":"2024-10-07T18:41:13","modified_gmt":"2024-10-07T16:41:13","slug":"offre-distri2b","status":"publish","type":"page","link":"https:\/\/distri2b.com\/fr\/offre-distri2b\/","title":{"rendered":"Offre de Distri2B"},"content":{"rendered":"<section class=\"wpb-content-wrapper\"><p>[vc_row][vc_column]<div class=\"mf-empty-space \" style=\"\"><div class=\"mf_empty_space_lg\"  style=\"height: 55px\"><\/div><div class=\"mf_empty_space_md\"  style=\"height: 55px\"><\/div><div class=\"mf_empty_space_xs\"  style=\"height: 55px\"><\/div><\/div>[vc_column_text]Avec plus de 1 100 marques disponibles, Distri2B est partenaire des plus grands manufacturiers, \u00e9quipementiers et grossistes internationaux. Notre offre couvre <strong>tous les besoins des professionnels de l\u2019aftermarket automobile<\/strong>, pour entretenir et re\u0301parer toutes les marques et tous les mode\u0300les de ve\u0301hicules.[\/vc_column_text][\/vc_column][\/vc_row][vc_row][vc_column]<div class=\"mf-empty-space \" style=\"\"><div class=\"mf_empty_space_lg\"  style=\"height: 75px\"><\/div><div class=\"mf_empty_space_md\"  style=\"height: 50px\"><\/div><div class=\"mf_empty_space_xs\"  style=\"height: 50px\"><\/div><\/div><div class=\"mf-section-title text-center dark large-size \"><h2 >Notre offre<\/h2><\/div><div class=\"mf-empty-space \" style=\"\"><div class=\"mf_empty_space_lg\"  style=\"height: 45px\"><\/div><div class=\"mf_empty_space_md\"  style=\"height: 30px\"><\/div><div class=\"mf_empty_space_xs\"  style=\"height: 30px\"><\/div><\/div><div class=\"mf-portfolio mf-portfolio-isotope  portfolio-modern center\">\n\t\t\t\t<div class=\"mf-portfolio-header nav-section\"><\/div>\n                <div class=\"portfolio-list mf-list-portfolio row\" id=\"mf-portfolio-slider\"><div id=\"post-3954\" class=\"project-wrapper col-sm-6 col-xs-12 col-md-3 col-4 post-3954 portfolio type-portfolio status-publish has-post-thumbnail hentry \">\n\t<div class=\"project-inner\">\n\t\t<div class=\"project-thumbnail\">\n\t\t\t<img loading=\"lazy\" decoding=\"async\" width=\"585\" height=\"415\" src=\"https:\/\/distri2b.com\/wp-content\/uploads\/2017\/11\/29765-585x415.jpg\" class=\"attachment-induscity-portfolio-thumbnail size-induscity-portfolio-thumbnail wp-post-image\" alt=\"Pneus\" \/>\t\t\t<a href=\"https:\/\/distri2b.com\/fr\/portfolio\/pneumatiques\/\" class=\"pro-link\"><span class=\"mf-portfolio-icon\"><i class=\"flaticon-multimedia\"><\/i><\/span><\/a>\n\t\t<\/div>\n\t\t<div class=\"project-summary\">\n\t\t\t\t\t\t\t<h2 class=\"project-title\"><a href=\"https:\/\/distri2b.com\/fr\/portfolio\/pneumatiques\/\">Pneumatiques<\/a><\/h2>\n\t\t\t\n\t\t\t\t\t<\/div>\n\t<\/div>\n<\/div><!-- #project-## -->\n<div id=\"post-3234\" class=\"project-wrapper col-sm-6 col-xs-12 col-md-3 col-4 post-3234 portfolio type-portfolio status-publish has-post-thumbnail hentry \">\n\t<div class=\"project-inner\">\n\t\t<div class=\"project-thumbnail\">\n\t\t\t<img loading=\"lazy\" decoding=\"async\" width=\"585\" height=\"415\" src=\"https:\/\/distri2b.com\/wp-content\/uploads\/2017\/11\/AdobeStock_67987692-585x415.jpg\" class=\"attachment-induscity-portfolio-thumbnail size-induscity-portfolio-thumbnail wp-post-image\" alt=\"Pi\u00e8ces d\u00e9tach\u00e9es\" \/>\t\t\t<a href=\"https:\/\/distri2b.com\/fr\/portfolio\/pieces-detachees\/\" class=\"pro-link\"><span class=\"mf-portfolio-icon\"><i class=\"flaticon-multimedia\"><\/i><\/span><\/a>\n\t\t<\/div>\n\t\t<div class=\"project-summary\">\n\t\t\t\t\t\t\t<h2 class=\"project-title\"><a href=\"https:\/\/distri2b.com\/fr\/portfolio\/pieces-detachees\/\">Pi\u00e8ces d\u00e9tach\u00e9es<\/a><\/h2>\n\t\t\t\n\t\t\t\t\t<\/div>\n\t<\/div>\n<\/div><!-- #project-## -->\n<div id=\"post-3956\" class=\"project-wrapper col-sm-6 col-xs-12 col-md-3 col-4 post-3956 portfolio type-portfolio status-publish has-post-thumbnail hentry \">\n\t<div class=\"project-inner\">\n\t\t<div class=\"project-thumbnail\">\n\t\t\t<img loading=\"lazy\" decoding=\"async\" width=\"585\" height=\"415\" src=\"https:\/\/distri2b.com\/wp-content\/uploads\/2017\/11\/AdobeStock_9389575-585x415.jpg\" class=\"attachment-induscity-portfolio-thumbnail size-induscity-portfolio-thumbnail wp-post-image\" alt=\"Jantes\" \/>\t\t\t<a href=\"https:\/\/distri2b.com\/fr\/portfolio\/jantes\/\" class=\"pro-link\"><span class=\"mf-portfolio-icon\"><i class=\"flaticon-multimedia\"><\/i><\/span><\/a>\n\t\t<\/div>\n\t\t<div class=\"project-summary\">\n\t\t\t\t\t\t\t<h2 class=\"project-title\"><a href=\"https:\/\/distri2b.com\/fr\/portfolio\/jantes\/\">Jantes<\/a><\/h2>\n\t\t\t\n\t\t\t\t\t<\/div>\n\t<\/div>\n<\/div><!-- #project-## -->\n<div id=\"post-3251\" class=\"project-wrapper col-sm-6 col-xs-12 col-md-3 col-4 post-3251 portfolio type-portfolio status-publish has-post-thumbnail hentry \">\n\t<div class=\"project-inner\">\n\t\t<div class=\"project-thumbnail\">\n\t\t\t<img loading=\"lazy\" decoding=\"async\" width=\"585\" height=\"415\" src=\"https:\/\/distri2b.com\/wp-content\/uploads\/2017\/11\/AdobeStock_545741957-585x415.jpg\" class=\"attachment-induscity-portfolio-thumbnail size-induscity-portfolio-thumbnail wp-post-image\" alt=\"Cha\u00eenes\" \/>\t\t\t<a href=\"https:\/\/distri2b.com\/fr\/portfolio\/chaines\/\" class=\"pro-link\"><span class=\"mf-portfolio-icon\"><i class=\"flaticon-multimedia\"><\/i><\/span><\/a>\n\t\t<\/div>\n\t\t<div class=\"project-summary\">\n\t\t\t\t\t\t\t<h2 class=\"project-title\"><a href=\"https:\/\/distri2b.com\/fr\/portfolio\/chaines\/\">Cha\u00eenes<\/a><\/h2>\n\t\t\t\n\t\t\t\t\t<\/div>\n\t<\/div>\n<\/div><!-- #project-## -->\n<div id=\"post-3955\" class=\"project-wrapper col-sm-6 col-xs-12 col-md-3 col-4 post-3955 portfolio type-portfolio status-publish has-post-thumbnail hentry \">\n\t<div class=\"project-inner\">\n\t\t<div class=\"project-thumbnail\">\n\t\t\t<img loading=\"lazy\" decoding=\"async\" width=\"585\" height=\"415\" src=\"https:\/\/distri2b.com\/wp-content\/uploads\/2017\/11\/plastic-bottles-from-automobile-oils-isolated-white-585x415.jpg\" class=\"attachment-induscity-portfolio-thumbnail size-induscity-portfolio-thumbnail wp-post-image\" alt=\"Huiles et additifs\" \/>\t\t\t<a href=\"https:\/\/distri2b.com\/fr\/portfolio\/huiles-additifs\/\" class=\"pro-link\"><span class=\"mf-portfolio-icon\"><i class=\"flaticon-multimedia\"><\/i><\/span><\/a>\n\t\t<\/div>\n\t\t<div class=\"project-summary\">\n\t\t\t\t\t\t\t<h2 class=\"project-title\"><a href=\"https:\/\/distri2b.com\/fr\/portfolio\/huiles-additifs\/\">Huiles & Additifs<\/a><\/h2>\n\t\t\t\n\t\t\t\t\t<\/div>\n\t<\/div>\n<\/div><!-- #project-## -->\n<div id=\"post-3250\" class=\"project-wrapper col-sm-6 col-xs-12 col-md-3 col-4 post-3250 portfolio type-portfolio status-publish has-post-thumbnail hentry \">\n\t<div class=\"project-inner\">\n\t\t<div class=\"project-thumbnail\">\n\t\t\t<img loading=\"lazy\" decoding=\"async\" width=\"585\" height=\"415\" src=\"https:\/\/distri2b.com\/wp-content\/uploads\/2017\/11\/AdobeStock_258954062-585x415.jpg\" class=\"attachment-induscity-portfolio-thumbnail size-induscity-portfolio-thumbnail wp-post-image\" alt=\"Batteries\" \/>\t\t\t<a href=\"https:\/\/distri2b.com\/fr\/portfolio\/batteries\/\" class=\"pro-link\"><span class=\"mf-portfolio-icon\"><i class=\"flaticon-multimedia\"><\/i><\/span><\/a>\n\t\t<\/div>\n\t\t<div class=\"project-summary\">\n\t\t\t\t\t\t\t<h2 class=\"project-title\"><a href=\"https:\/\/distri2b.com\/fr\/portfolio\/batteries\/\">Batteries<\/a><\/h2>\n\t\t\t\n\t\t\t\t\t<\/div>\n\t<\/div>\n<\/div><!-- #project-## -->\n<\/div>\n            <\/div><div class=\"mf-empty-space \" style=\"\"><div class=\"mf_empty_space_lg\"  style=\"height: 80px\"><\/div><div class=\"mf_empty_space_md\"  style=\"height: 50px\"><\/div><div class=\"mf_empty_space_xs\"  style=\"height: 50px\"><\/div><\/div><div class=\"mf-empty-space \" style=\"\"><div class=\"mf_empty_space_lg\"  style=\"height: 80px\"><\/div><div class=\"mf_empty_space_md\"  style=\"height: 50px\"><\/div><div class=\"mf_empty_space_xs\"  style=\"height: 50px\"><\/div><\/div>[\/vc_column][\/vc_row]<\/p>\n<\/section>","protected":false},"excerpt":{"rendered":"<p>[vc_row][vc_column][vc_column_text]Avec plus de 1 100 marques disponibles, Distri2B est partenaire des plus grands manufacturiers, \u00e9quipementiers et grossistes internationaux. Notre offre couvre tous les besoins des professionnels de l\u2019aftermarket automobile, pour entretenir et re\u0301parer toutes les marques et tous les mode\u0300les de ve\u0301hicules.[\/vc_column_text][\/vc_column][\/vc_row][vc_row][vc_column][\/vc_column][\/vc_row]<\/p>\n","protected":false},"author":1,"featured_media":0,"parent":0,"menu_order":0,"comment_status":"closed","ping_status":"closed","template":"template-fullwidth.php","meta":{"footnotes":""},"class_list":["post-44","page","type-page","status-publish","hentry",""],"_links":{"self":[{"href":"https:\/\/distri2b.com\/fr\/wp-json\/wp\/v2\/pages\/44","targetHints":{"allow":["GET"]}}],"collection":[{"href":"https:\/\/distri2b.com\/fr\/wp-json\/wp\/v2\/pages"}],"about":[{"href":"https:\/\/distri2b.com\/fr\/wp-json\/wp\/v2\/types\/page"}],"author":[{"embeddable":true,"href":"https:\/\/distri2b.com\/fr\/wp-json\/wp\/v2\/users\/1"}],"replies":[{"embeddable":true,"href":"https:\/\/distri2b.com\/fr\/wp-json\/wp\/v2\/comments?post=44"}],"version-history":[{"count":25,"href":"https:\/\/distri2b.com\/fr\/wp-json\/wp\/v2\/pages\/44\/revisions"}],"predecessor-version":[{"id":4320,"href":"https:\/\/distri2b.com\/fr\/wp-json\/wp\/v2\/pages\/44\/revisions\/4320"}],"wp:attachment":[{"href":"https:\/\/distri2b.com\/fr\/wp-json\/wp\/v2\/media?parent=44"}],"curies":[{"name":"wp","href":"https:\/\/api.w.org\/{rel}","templated":true}]}}