{"id":3,"date":"2024-09-06T13:55:50","date_gmt":"2024-09-06T11:55:50","guid":{"rendered":"http:\/\/distri2b.com\/?page_id=3"},"modified":"2026-03-04T15:28:30","modified_gmt":"2026-03-04T14:28:30","slug":"politique-de-confidentialite","status":"publish","type":"page","link":"https:\/\/distri2b.com\/it\/politique-de-confidentialite\/","title":{"rendered":"Politique de confidentialit\u00e9"},"content":{"rendered":"\r\n<p>In Distri2B, attribuiamo grande importanza alla protezione dei tuoi dati personali. Questa politica sulla privacy spiega quali informazioni raccogliamo, come le utilizziamo e quali sono le tue opzioni per gestire i tuoi dati.<\/p>\r\n\r\n\r\n\r\n<h2 class=\"wp-block-heading\">Responsabile del trattamento<\/h2>\r\n\r\n\r\n\r\n<p>Il responsabile del trattamento dei dati personali raccolti su Distri2B.com \u00e8 Distri2B SARL, con un capitale di 12.000\u20ac, di seguito \u201cla Societ\u00e0\u201d. Distri2B, con sede legale in 68 Avenue de la Libert\u00e9 1930 Lussemburgo, \u00e8 registrata presso il Registro delle Imprese e delle Societ\u00e0 del Lussemburgo con il numero B235660.<\/p>\r\n\r\n\r\n\r\n<h2 class=\"wp-block-heading\">Accesso al sito<\/h2>\r\n\r\n\r\n\r\n<p>Il sito web Distri2B.com \u00e8 accessibile da qualsiasi luogo, 24 ore su 24, 7 giorni su 7, salvo cause di forza maggiore, interruzioni programmate o non programmate che possano derivare da necessit\u00e0 di manutenzione. In caso di modifica, interruzione o sospensione del Sito, la Societ\u00e0 non potr\u00e0 essere ritenuta responsabile.<\/p>\r\n\r\n\r\n\r\n<h2 class=\"wp-block-heading\">Dati raccolti<\/h2>\r\n\r\n\r\n\r\n<p>Raccogliamo diversi tipi di dati personali sul sito Distri2B.com per fornire i nostri servizi, inclusi, ma non limitati a:<\/p>\r\n\r\n\r\n\r\n<ul class=\"wp-block-list\">\r\n<li><strong>Dati tecnici:<\/strong> indirizzo IP, tipo di browser, durata della sessione, pagine visitate.<\/li>\r\n\r\n\r\n\r\n<li><strong>Informazioni di identificazione:<\/strong> nome, cognome, ragione sociale, numero di partita IVA intracomunitaria, indirizzo email, numero di telefono.<\/li>\r\n<\/ul>\r\n\r\n\r\n\r\n<h2 class=\"wp-block-heading\">Uso dei dati<\/h2>\r\n\r\n\r\n\r\n<p>I dati personali raccolti sul nostro sito vengono utilizzati per:<\/p>\r\n\r\n\r\n\r\n<ul class=\"wp-block-list\">\r\n<li><strong>Gestire i tuoi ordini e le consegne;<\/strong><\/li>\r\n\r\n\r\n\r\n<li><strong>Rispondere alle tue richieste commerciali;<\/strong><\/li>\r\n\r\n\r\n\r\n<li><strong>Migliorare la tua esperienza utente sul nostro sito;<\/strong><\/li>\r\n\r\n\r\n\r\n<li><strong>Comunicare offerte promozionali o informazioni <\/strong>sui nostri prodotti e servizi, previo tuo consenso.<\/li>\r\n<\/ul>\r\n\r\n\r\n\r\n<h2 class=\"wp-block-heading\">Condivisione dei dati<\/h2>\r\n\r\n\r\n\r\n<p>Non condividiamo i tuoi dati personali con terze parti, tranne nei seguenti casi:<\/p>\r\n\r\n\r\n\r\n<ul class=\"wp-block-list\">\r\n<li><strong>Fornitori di servizi:<\/strong> possiamo condividere le tue informazioni con fornitori di servizi (consegna, pagamento, marketing, ecc.) per eseguire un contratto.<\/li>\r\n\r\n\r\n\r\n<li><strong>Obblighi legali:<\/strong> potremmo essere obbligati a divulgare le tue informazioni in risposta a un obbligo legale o per proteggere i nostri diritti.<\/li>\r\n<\/ul>\r\n\r\n\r\n\r\n<h2 class=\"wp-block-heading\">Propriet\u00e0 intellettuale<\/h2>\r\n\r\n\r\n\r\n<p>Tutti i contenuti del Sito, inclusi, senza limitazione, grafica, immagini, testi, video, animazioni, suoni, loghi e icone, cos\u00ec come la loro disposizione, sono di propriet\u00e0 esclusiva della Societ\u00e0, ad eccezione di marchi, loghi o contenuti appartenenti ad altre societ\u00e0 partner o autori.<\/p>\r\n\r\n\r\n\r\n<p>Qualsiasi riproduzione, distribuzione, modifica, adattamento, ritrasmissione o pubblicazione, anche parziale, di questi elementi \u00e8 strettamente vietata senza il consenso scritto esplicito della Societ\u00e0.<\/p>\r\n\r\n\r\n\r\n<p>Tale rappresentazione o riproduzione, con qualsiasi mezzo, costituisce una violazione delle leggi sulla propriet\u00e0 intellettuale in Lussemburgo. Il mancato rispetto di tale divieto costituisce una violazione che pu\u00f2 comportare la responsabilit\u00e0 civile e penale dell\u2019autore della violazione.<\/p>\r\n\r\n\r\n\r\n<h2 class=\"wp-block-heading\">Aggiornamento delle informazioni sul sito<\/h2>\r\n\r\n\r\n\r\n<p>La Societ\u00e0 utilizza tutti i mezzi per garantire informazioni affidabili e un aggiornamento costante del Sito. Tuttavia, possono verificarsi errori o omissioni. L\u2019Utente deve quindi verificare l\u2019esattezza delle informazioni con la Societ\u00e0 e segnalare qualsiasi modifica al Sito che ritenga utile. La Societ\u00e0 non \u00e8 in alcun modo responsabile dell\u2019uso fatto di tali informazioni, n\u00e9 di eventuali danni diretti o indiretti che ne derivino.<\/p>\r\n\r\n\r\n\r\n<p>Se visiti la pagina di accesso, verr\u00e0 creato un cookie temporaneo per determinare se il tuo browser accetta i cookie. Non contiene dati personali e verr\u00e0 eliminato automaticamente alla chiusura del browser.<\/p>\r\n\r\n\r\n\r\n<p>Quando effettui l\u2019accesso, imposteremo diversi cookie per salvare le tue informazioni di accesso e le tue preferenze di visualizzazione. La durata di un cookie di accesso \u00e8 di due giorni, mentre un cookie di preferenza schermo dura un anno. Se selezioni \u201cRicordami\u201d, il tuo cookie di accesso verr\u00e0 conservato per due settimane. Se esci dal tuo account, il cookie di accesso verr\u00e0 eliminato.<\/p>\r\n\r\n\r\n\r\n<p>Quando modifichi o pubblichi un post, verr\u00e0 salvato un cookie aggiuntivo nel tuo browser. Questo cookie non contiene alcun dato personale; indica semplicemente l\u2019ID del post che hai appena modificato. Scade dopo un giorno.<\/p>\r\n\r\n\r\n\r\n<h2 class=\"wp-block-heading\">Sicurezza dei dati<\/h2>\r\n\r\n\r\n\r\n<p>Implementiamo misure di sicurezza tecniche e organizzative per proteggere i tuoi dati contro qualsiasi perdita, accesso non autorizzato o divulgazione.<\/p>\r\n\r\n\r\n\r\n<p>Questi siti web possono raccogliere dati su di te, utilizzare cookie, incorporare strumenti di tracciamento di terze parti e monitorare le tue interazioni con i contenuti incorporati se disponi di un account e hai effettuato l\u2019accesso al loro sito web.<\/p>\r\n\r\n\r\n\r\n<h2 class=\"wp-block-heading\">I tuoi diritti<\/h2>\r\n\r\n\r\n\r\n<p>In conformit\u00e0 con la normativa vigente, hai i seguenti diritti riguardo ai tuoi dati:<\/p>\r\n\r\n\r\n\r\n<ul class=\"wp-block-list\">\r\n<li><strong>Diritto di accesso:<\/strong> puoi richiedere una copia dei dati personali che conserviamo su di te.<\/li>\r\n\r\n\r\n\r\n<li><strong>Diritto di rettifica:<\/strong> puoi richiedere la correzione di dati inesatti o incompleti.<\/li>\r\n\r\n\r\n\r\n<li><strong>Diritto di cancellazione:<\/strong> puoi richiedere la cancellazione dei tuoi dati in determinate condizioni.<\/li>\r\n\r\n\r\n\r\n<li><strong>Diritto di opposizione:<\/strong> puoi opporti al trattamento dei tuoi dati per finalit\u00e0 di marketing diretto.<\/li>\r\n<\/ul>\r\n\r\n\r\n\r\n<p>Per esercitare questi diritti, contattaci a <a>contact@distri2b.com<\/a>.<\/p>\r\n\r\n\r\n\r\n<h2 class=\"wp-block-heading\">Cookies<\/h2>\r\n\r\n\r\n\r\n<p>Per garantire il corretto funzionamento del Sito, vengono memorizzati cookie sui dispositivi degli utenti.<\/p>\r\n\r\n\r\n\r\n<p>Questa memorizzazione consente all\u2019Utente di non dover reinserire queste informazioni ad ogni visita del Sito.<\/p>\r\n\r\n\r\n\r\n<p>L\u2019uso dei cookie \u00e8 regolato dall\u2019articolo 5.3 della direttiva 2002\/58\/CE del Parlamento Europeo e del Consiglio del 12 luglio 2002, modificata dalla direttiva 2009\/136\/CE.<\/p>\r\n\r\n\r\n\r\n<p>L\u2019uso dei cookie \u00e8 soggetto al previo consenso. La navigazione sul Sito da parte dell\u2019Utente implica l\u2019accettazione totale e senza riserve dei cookie. Alcune parti del Sito potrebbero non essere funzionali senza l\u2019accettazione dei cookie.<\/p>\r\n\r\n\r\n\r\n<p>L\u2019Utente pu\u00f2 opporsi all\u2019uso di questi cookie configurando il proprio browser.<\/p>\r\n\r\n\r\n\r\n<h2 class=\"wp-block-heading\">Modifica della Politica sulla Privacy<\/h2>\r\n\r\n\r\n\r\n<p>Questa politica sulla privacy pu\u00f2 essere aggiornata periodicamente per riflettere cambiamenti nelle nostre pratiche o modifiche legali. Ti incoraggiamo a consultare regolarmente questa pagina per essere a conoscenza della versione pi\u00f9 recente.<\/p>\r\n\r\n\r\n\r\n<h2 class=\"wp-block-heading\">Contatti<\/h2>\r\n\r\n\r\n\r\n<p>Se hai domande riguardo la nostra politica sulla privacy o sul trattamento dei tuoi dati personali, puoi contattarci al seguente indirizzo: <a>contact@distri2b.com<\/a>.<\/p>\r\n","protected":false},"excerpt":{"rendered":"<p>In Distri2B, attribuiamo grande importanza alla protezione dei tuoi dati personali. Questa politica sulla privacy spiega quali informazioni raccogliamo, come le utilizziamo e quali sono le tue opzioni per gestire i tuoi dati. Responsabile del trattamento Il responsabile del trattamento dei dati personali raccolti su Distri2B.com \u00e8 Distri2B SARL, con un capitale di 12.000\u20ac, di [&hellip;]<\/p>\n","protected":false},"author":1,"featured_media":0,"parent":0,"menu_order":0,"comment_status":"closed","ping_status":"open","template":"","meta":{"footnotes":""},"class_list":["post-3","page","type-page","status-publish","hentry","no-thumb"],"_links":{"self":[{"href":"https:\/\/distri2b.com\/it\/wp-json\/wp\/v2\/pages\/3","targetHints":{"allow":["GET"]}}],"collection":[{"href":"https:\/\/distri2b.com\/it\/wp-json\/wp\/v2\/pages"}],"about":[{"href":"https:\/\/distri2b.com\/it\/wp-json\/wp\/v2\/types\/page"}],"author":[{"embeddable":true,"href":"https:\/\/distri2b.com\/it\/wp-json\/wp\/v2\/users\/1"}],"replies":[{"embeddable":true,"href":"https:\/\/distri2b.com\/it\/wp-json\/wp\/v2\/comments?post=3"}],"version-history":[{"count":17,"href":"https:\/\/distri2b.com\/it\/wp-json\/wp\/v2\/pages\/3\/revisions"}],"predecessor-version":[{"id":4390,"href":"https:\/\/distri2b.com\/it\/wp-json\/wp\/v2\/pages\/3\/revisions\/4390"}],"wp:attachment":[{"href":"https:\/\/distri2b.com\/it\/wp-json\/wp\/v2\/media?parent=3"}],"curies":[{"name":"wp","href":"https:\/\/api.w.org\/{rel}","templated":true}]}}